{"id":554,"date":"2025-06-27T13:27:32","date_gmt":"2025-06-27T11:27:32","guid":{"rendered":"https:\/\/ronkhaz-epites.hu\/?page_id=554"},"modified":"2025-07-11T11:26:46","modified_gmt":"2025-07-11T09:26:46","slug":"kontakt","status":"publish","type":"page","link":"https:\/\/ronkhaz-epites.hu\/de\/kontakt\/","title":{"rendered":"Kontakt"},"content":{"rendered":"<p>[et_pb_section fb_built=&#8220;1&#8243; _builder_version=&#8220;4.27.4&#8243; _module_preset=&#8220;default&#8220; background_enable_color=&#8220;off&#8220; custom_padding=&#8220;||||false|false&#8220; global_colors_info=&#8220;{}&#8220;][et_pb_row column_structure=&#8220;1_2,1_2&#8243; _builder_version=&#8220;4.27.4&#8243; _module_preset=&#8220;default&#8220; global_colors_info=&#8220;{}&#8220;][et_pb_column type=&#8220;1_2&#8243; _builder_version=&#8220;4.27.4&#8243; _module_preset=&#8220;default&#8220; global_colors_info=&#8220;{}&#8220;][et_pb_heading title=&#8220;Kontaktdaten&#8220; _builder_version=&#8220;4.27.4&#8243; _module_preset=&#8220;default&#8220; title_level=&#8220;h3&#8243; title_font=&#8220;|600|||||||&#8220; title_line_height=&#8220;1.4em&#8220; global_colors_info=&#8220;{}&#8220;][\/et_pb_heading][et_pb_blurb title=&#8220;+36 70 521 0738&#8243; url=&#8220;tel:+36705210738&#8243; use_icon=&#8220;on&#8220; font_icon=&#8220;&#xe090;||divi||400&#8243; icon_placement=&#8220;left&#8220; image_icon_width=&#8220;28px&#8220; content_max_width=&#8220;100%&#8220; _builder_version=&#8220;4.27.4&#8243; _module_preset=&#8220;default&#8220; header_line_height=&#8220;1.4em&#8220; custom_margin=&#8220;||15px||false|false&#8220; global_colors_info=&#8220;{}&#8220;][\/et_pb_blurb][et_pb_blurb title=&#8220;trimexen@gmail.com&#8220; url=&#8220;mailto:trimexen@gmail.com&#8220; use_icon=&#8220;on&#8220; font_icon=&#8220;&#xe076;||divi||400&#8243; icon_placement=&#8220;left&#8220; image_icon_width=&#8220;28px&#8220; content_max_width=&#8220;100%&#8220; _builder_version=&#8220;4.27.4&#8243; _module_preset=&#8220;default&#8220; header_line_height=&#8220;1.4em&#8220; custom_margin=&#8220;||15px||false|false&#8220; global_colors_info=&#8220;{}&#8220;][\/et_pb_blurb][et_pb_blurb title=&#8220;2481 Velence R\u00e1k\u00f3czi \u00fat 16.&#8220; use_icon=&#8220;on&#8220; font_icon=&#8220;&#xf3c5;||fa||900&#8243; icon_placement=&#8220;left&#8220; image_icon_width=&#8220;28px&#8220; content_max_width=&#8220;100%&#8220; _builder_version=&#8220;4.27.4&#8243; _module_preset=&#8220;default&#8220; header_line_height=&#8220;1.4em&#8220; custom_margin=&#8220;||15px||false|false&#8220; global_colors_info=&#8220;{}&#8220;][\/et_pb_blurb][\/et_pb_column][et_pb_column type=&#8220;1_2&#8243; _builder_version=&#8220;4.27.4&#8243; _module_preset=&#8220;default&#8220; global_colors_info=&#8220;{}&#8220;][\/et_pb_column][\/et_pb_row][\/et_pb_section]<\/p>\n","protected":false},"excerpt":{"rendered":"","protected":false},"author":1,"featured_media":0,"parent":0,"menu_order":0,"comment_status":"closed","ping_status":"closed","template":"","meta":{"_et_pb_use_builder":"on","_et_pb_old_content":"[et_pb_section fb_built=\"1\" _builder_version=\"4.27.4\" _module_preset=\"default\" background_enable_color=\"off\" custom_padding=\"||||false|false\" global_colors_info=\"{}\"][et_pb_row column_structure=\"1_2,1_2\" _builder_version=\"4.27.4\" _module_preset=\"default\" global_colors_info=\"{}\"][et_pb_column type=\"1_2\" _builder_version=\"4.27.4\" _module_preset=\"default\" global_colors_info=\"{}\"][et_pb_heading title=\"Contact details\" _builder_version=\"4.27.4\" _module_preset=\"default\" title_level=\"h3\" title_font=\"|600|||||||\" title_line_height=\"1.4em\" hover_enabled=\"0\" global_colors_info=\"{}\" sticky_enabled=\"0\"][\/et_pb_heading][et_pb_blurb title=\"+36 70 521 0738\" url=\"tel:+36705210738\" use_icon=\"on\" font_icon=\"\ue090||divi||400\" icon_placement=\"left\" image_icon_width=\"28px\" content_max_width=\"100%\" _builder_version=\"4.27.4\" _module_preset=\"default\" header_line_height=\"1.4em\" custom_margin=\"||15px||false|false\" hover_enabled=\"0\" global_colors_info=\"{}\" sticky_enabled=\"0\"][\/et_pb_blurb][et_pb_blurb title=\"trimexen@gmail.com\" url=\"mailto:trimexen@gmail.com\" use_icon=\"on\" font_icon=\"\ue076||divi||400\" icon_placement=\"left\" image_icon_width=\"28px\" content_max_width=\"100%\" _builder_version=\"4.27.4\" _module_preset=\"default\" header_line_height=\"1.4em\" custom_margin=\"||15px||false|false\" hover_enabled=\"0\" global_colors_info=\"{}\" sticky_enabled=\"0\"][\/et_pb_blurb][\/et_pb_column][et_pb_column type=\"1_2\" _builder_version=\"4.27.4\" _module_preset=\"default\" global_colors_info=\"{}\"][\/et_pb_column][\/et_pb_row][\/et_pb_section]","_et_gb_content_width":"","footnotes":""},"class_list":["post-554","page","type-page","status-publish","hentry"],"yoast_head":"<!-- This site is optimized with the Yoast SEO plugin v25.7 - https:\/\/yoast.com\/wordpress\/plugins\/seo\/ -->\n<title>Kontakt - ronkhaz-epites.hu<\/title>\n<meta name=\"robots\" content=\"index, follow, max-snippet:-1, max-image-preview:large, max-video-preview:-1\" \/>\n<link rel=\"canonical\" href=\"https:\/\/ronkhaz-epites.hu\/de\/kontakt\/\" \/>\n<meta property=\"og:locale\" content=\"de_DE\" \/>\n<meta property=\"og:type\" content=\"article\" \/>\n<meta property=\"og:title\" content=\"Kontakt - ronkhaz-epites.hu\" \/>\n<meta property=\"og:url\" content=\"https:\/\/ronkhaz-epites.hu\/de\/kontakt\/\" \/>\n<meta property=\"og:site_name\" content=\"ronkhaz-epites.hu\" \/>\n<meta property=\"article:modified_time\" content=\"2025-07-11T09:26:46+00:00\" \/>\n<meta name=\"twitter:card\" content=\"summary_large_image\" \/>\n<meta name=\"twitter:label1\" content=\"Gesch\u00e4tzte Lesezeit\" \/>\n\t<meta name=\"twitter:data1\" content=\"1\u00a0Minute\" \/>\n<script type=\"application\/ld+json\" class=\"yoast-schema-graph\">{\"@context\":\"https:\/\/schema.org\",\"@graph\":[{\"@type\":\"WebPage\",\"@id\":\"https:\/\/ronkhaz-epites.hu\/de\/kontakt\/\",\"url\":\"https:\/\/ronkhaz-epites.hu\/de\/kontakt\/\",\"name\":\"Kontakt - ronkhaz-epites.hu\",\"isPartOf\":{\"@id\":\"https:\/\/ronkhaz-epites.hu\/#website\"},\"datePublished\":\"2025-06-27T11:27:32+00:00\",\"dateModified\":\"2025-07-11T09:26:46+00:00\",\"breadcrumb\":{\"@id\":\"https:\/\/ronkhaz-epites.hu\/de\/kontakt\/#breadcrumb\"},\"inLanguage\":\"de\",\"potentialAction\":[{\"@type\":\"ReadAction\",\"target\":[\"https:\/\/ronkhaz-epites.hu\/de\/kontakt\/\"]}]},{\"@type\":\"BreadcrumbList\",\"@id\":\"https:\/\/ronkhaz-epites.hu\/de\/kontakt\/#breadcrumb\",\"itemListElement\":[{\"@type\":\"ListItem\",\"position\":1,\"name\":\"Kezd\u0151lap\",\"item\":\"https:\/\/ronkhaz-epites.hu\/de\/\"},{\"@type\":\"ListItem\",\"position\":2,\"name\":\"Kontakt\"}]},{\"@type\":\"WebSite\",\"@id\":\"https:\/\/ronkhaz-epites.hu\/#website\",\"url\":\"https:\/\/ronkhaz-epites.hu\/\",\"name\":\"ronkhaz-epites.hu\",\"description\":\"\",\"publisher\":{\"@id\":\"https:\/\/ronkhaz-epites.hu\/#organization\"},\"potentialAction\":[{\"@type\":\"SearchAction\",\"target\":{\"@type\":\"EntryPoint\",\"urlTemplate\":\"https:\/\/ronkhaz-epites.hu\/?s={search_term_string}\"},\"query-input\":{\"@type\":\"PropertyValueSpecification\",\"valueRequired\":true,\"valueName\":\"search_term_string\"}}],\"inLanguage\":\"de\"},{\"@type\":\"Organization\",\"@id\":\"https:\/\/ronkhaz-epites.hu\/#organization\",\"name\":\"ronkhaz-epites.hu\",\"url\":\"https:\/\/ronkhaz-epites.hu\/\",\"logo\":{\"@type\":\"ImageObject\",\"inLanguage\":\"de\",\"@id\":\"https:\/\/ronkhaz-epites.hu\/#\/schema\/logo\/image\/\",\"url\":\"https:\/\/ronkhaz-epites.hu\/wp-content\/uploads\/2025\/06\/logo.png\",\"contentUrl\":\"https:\/\/ronkhaz-epites.hu\/wp-content\/uploads\/2025\/06\/logo.png\",\"width\":481,\"height\":100,\"caption\":\"ronkhaz-epites.hu\"},\"image\":{\"@id\":\"https:\/\/ronkhaz-epites.hu\/#\/schema\/logo\/image\/\"}}]}<\/script>\n<!-- \/ Yoast SEO plugin. -->","yoast_head_json":{"title":"Kontakt - ronkhaz-epites.hu","robots":{"index":"index","follow":"follow","max-snippet":"max-snippet:-1","max-image-preview":"max-image-preview:large","max-video-preview":"max-video-preview:-1"},"canonical":"https:\/\/ronkhaz-epites.hu\/de\/kontakt\/","og_locale":"de_DE","og_type":"article","og_title":"Kontakt - ronkhaz-epites.hu","og_url":"https:\/\/ronkhaz-epites.hu\/de\/kontakt\/","og_site_name":"ronkhaz-epites.hu","article_modified_time":"2025-07-11T09:26:46+00:00","twitter_card":"summary_large_image","twitter_misc":{"Gesch\u00e4tzte Lesezeit":"1\u00a0Minute"},"schema":{"@context":"https:\/\/schema.org","@graph":[{"@type":"WebPage","@id":"https:\/\/ronkhaz-epites.hu\/de\/kontakt\/","url":"https:\/\/ronkhaz-epites.hu\/de\/kontakt\/","name":"Kontakt - ronkhaz-epites.hu","isPartOf":{"@id":"https:\/\/ronkhaz-epites.hu\/#website"},"datePublished":"2025-06-27T11:27:32+00:00","dateModified":"2025-07-11T09:26:46+00:00","breadcrumb":{"@id":"https:\/\/ronkhaz-epites.hu\/de\/kontakt\/#breadcrumb"},"inLanguage":"de","potentialAction":[{"@type":"ReadAction","target":["https:\/\/ronkhaz-epites.hu\/de\/kontakt\/"]}]},{"@type":"BreadcrumbList","@id":"https:\/\/ronkhaz-epites.hu\/de\/kontakt\/#breadcrumb","itemListElement":[{"@type":"ListItem","position":1,"name":"Kezd\u0151lap","item":"https:\/\/ronkhaz-epites.hu\/de\/"},{"@type":"ListItem","position":2,"name":"Kontakt"}]},{"@type":"WebSite","@id":"https:\/\/ronkhaz-epites.hu\/#website","url":"https:\/\/ronkhaz-epites.hu\/","name":"ronkhaz-epites.hu","description":"","publisher":{"@id":"https:\/\/ronkhaz-epites.hu\/#organization"},"potentialAction":[{"@type":"SearchAction","target":{"@type":"EntryPoint","urlTemplate":"https:\/\/ronkhaz-epites.hu\/?s={search_term_string}"},"query-input":{"@type":"PropertyValueSpecification","valueRequired":true,"valueName":"search_term_string"}}],"inLanguage":"de"},{"@type":"Organization","@id":"https:\/\/ronkhaz-epites.hu\/#organization","name":"ronkhaz-epites.hu","url":"https:\/\/ronkhaz-epites.hu\/","logo":{"@type":"ImageObject","inLanguage":"de","@id":"https:\/\/ronkhaz-epites.hu\/#\/schema\/logo\/image\/","url":"https:\/\/ronkhaz-epites.hu\/wp-content\/uploads\/2025\/06\/logo.png","contentUrl":"https:\/\/ronkhaz-epites.hu\/wp-content\/uploads\/2025\/06\/logo.png","width":481,"height":100,"caption":"ronkhaz-epites.hu"},"image":{"@id":"https:\/\/ronkhaz-epites.hu\/#\/schema\/logo\/image\/"}}]}},"_links":{"self":[{"href":"https:\/\/ronkhaz-epites.hu\/de\/wp-json\/wp\/v2\/pages\/554","targetHints":{"allow":["GET"]}}],"collection":[{"href":"https:\/\/ronkhaz-epites.hu\/de\/wp-json\/wp\/v2\/pages"}],"about":[{"href":"https:\/\/ronkhaz-epites.hu\/de\/wp-json\/wp\/v2\/types\/page"}],"author":[{"embeddable":true,"href":"https:\/\/ronkhaz-epites.hu\/de\/wp-json\/wp\/v2\/users\/1"}],"replies":[{"embeddable":true,"href":"https:\/\/ronkhaz-epites.hu\/de\/wp-json\/wp\/v2\/comments?post=554"}],"version-history":[{"count":5,"href":"https:\/\/ronkhaz-epites.hu\/de\/wp-json\/wp\/v2\/pages\/554\/revisions"}],"predecessor-version":[{"id":960,"href":"https:\/\/ronkhaz-epites.hu\/de\/wp-json\/wp\/v2\/pages\/554\/revisions\/960"}],"wp:attachment":[{"href":"https:\/\/ronkhaz-epites.hu\/de\/wp-json\/wp\/v2\/media?parent=554"}],"curies":[{"name":"wp","href":"https:\/\/api.w.org\/{rel}","templated":true}]}}