{"id":569,"date":"2025-07-03T16:30:35","date_gmt":"2025-07-03T14:30:35","guid":{"rendered":"https:\/\/ronkhaz-epites.hu\/?page_id=569"},"modified":"2025-07-11T11:53:05","modified_gmt":"2025-07-11T09:53:05","slug":"blockhaeuser","status":"publish","type":"page","link":"https:\/\/ronkhaz-epites.hu\/de\/blockhaeuser\/","title":{"rendered":"Blockh\u00e4user"},"content":{"rendered":"<p>[et_pb_section fb_built=&#8220;1&#8243; _builder_version=&#8220;4.27.4&#8243; _module_preset=&#8220;default&#8220; background_enable_color=&#8220;off&#8220; global_colors_info=&#8220;{}&#8220;][et_pb_row column_structure=&#8220;1_3,1_3,1_3&#8243; _builder_version=&#8220;4.27.4&#8243; _module_preset=&#8220;default&#8220; global_colors_info=&#8220;{}&#8220;][et_pb_column type=&#8220;1_3&#8243; _builder_version=&#8220;4.27.4&#8243; _module_preset=&#8220;default&#8220; global_colors_info=&#8220;{}&#8220;][et_pb_blurb title=&#8220;Handgebaute Blockh\u00e4user&#8220; image=&#8220;https:\/\/ronkhaz-epites.hu\/wp-content\/uploads\/2025\/07\/banner-kezi-gyartasu-ronkhaz.jpg&#8220; alt=&#8220;K\u00e9zi gy\u00e1rt\u00e1s\u00fa r\u00f6nkh\u00e1zak&#8220; module_class=&#8220;banner-fooldal&#8220; _builder_version=&#8220;4.27.4&#8243; _dynamic_attributes=&#8220;link_option_url&#8220; _module_preset=&#8220;default&#8220; header_font=&#8220;|600|||||||&#8220; header_text_align=&#8220;center&#8220; header_text_color=&#8220;#FFFFFF&#8220; header_line_height=&#8220;1.4em&#8220; background_color=&#8220;#a37053&#8243; use_background_color_gradient=&#8220;on&#8220; background_color_gradient_stops=&#8220;#a37053 0%|#64422e 100%&#8220; background_color_gradient_overlays_image=&#8220;on&#8220; text_orientation=&#8220;center&#8220; link_option_url=&#8220;@ET-DC@eyJkeW5hbWljIjp0cnVlLCJjb250ZW50IjoicG9zdF9saW5rX3VybF9wYWdlIiwic2V0dGluZ3MiOnsicG9zdF9pZCI6Ijg4In19@&#8220; hover_enabled=&#8220;0&#8243; global_colors_info=&#8220;{}&#8220; background__hover_enabled=&#8220;on|hover&#8220; background_color_gradient_stops__hover=&#8220;#64422e 0%|#64422e 100%&#8220; use_background_color_gradient__hover=&#8220;on&#8220; sticky_enabled=&#8220;0&#8243;][\/et_pb_blurb][\/et_pb_column][et_pb_column type=&#8220;1_3&#8243; _builder_version=&#8220;4.27.4&#8243; _module_preset=&#8220;default&#8220; global_colors_info=&#8220;{}&#8220;][et_pb_blurb title=&#8220;Maschinell gefertigte Blockh\u00e4user&#8220; image=&#8220;https:\/\/ronkhaz-epites.hu\/wp-content\/uploads\/2025\/07\/banner-gepi-gyartasu-ronkhaz.jpg&#8220; alt=&#8220;G\u00e9pi gy\u00e1rt\u00e1s\u00fa r\u00f6nkh\u00e1zak&#8220; module_class=&#8220;banner-fooldal&#8220; _builder_version=&#8220;4.27.4&#8243; _dynamic_attributes=&#8220;link_option_url&#8220; _module_preset=&#8220;default&#8220; header_font=&#8220;|600|||||||&#8220; header_text_align=&#8220;center&#8220; header_text_color=&#8220;#FFFFFF&#8220; header_line_height=&#8220;1.4em&#8220; background_color=&#8220;#a37053&#8243; use_background_color_gradient=&#8220;on&#8220; background_color_gradient_stops=&#8220;#a37053 0%|#64422e 100%&#8220; background_color_gradient_overlays_image=&#8220;on&#8220; text_orientation=&#8220;center&#8220; link_option_url=&#8220;@ET-DC@eyJkeW5hbWljIjp0cnVlLCJjb250ZW50IjoicG9zdF9saW5rX3VybF9wYWdlIiwic2V0dGluZ3MiOnsicG9zdF9pZCI6IjkwIn19@&#8220; hover_enabled=&#8220;0&#8243; global_colors_info=&#8220;{}&#8220; background__hover_enabled=&#8220;on|hover&#8220; use_background_color_gradient__hover=&#8220;on&#8220; background_color_gradient_stops__hover=&#8220;#64422e 0%|#64422e 100%&#8220; sticky_enabled=&#8220;0&#8243;][\/et_pb_blurb][\/et_pb_column][et_pb_column type=&#8220;1_3&#8243; _builder_version=&#8220;4.27.4&#8243; _module_preset=&#8220;default&#8220; global_colors_info=&#8220;{}&#8220;][et_pb_blurb title=&#8220;Holzh\u00e4user&#8220; image=&#8220;https:\/\/ronkhaz-epites.hu\/wp-content\/uploads\/2025\/07\/banner-szendvicshazak.jpg&#8220; alt=&#8220;Szendvicsh\u00e1zak&#8220; module_class=&#8220;banner-fooldal&#8220; _builder_version=&#8220;4.27.4&#8243; _dynamic_attributes=&#8220;link_option_url&#8220; _module_preset=&#8220;default&#8220; header_font=&#8220;|600|||||||&#8220; header_text_align=&#8220;center&#8220; header_text_color=&#8220;#FFFFFF&#8220; header_line_height=&#8220;1.4em&#8220; background_color=&#8220;#a37053&#8243; use_background_color_gradient=&#8220;on&#8220; background_color_gradient_stops=&#8220;#a37053 0%|#64422e 100%&#8220; background_color_gradient_overlays_image=&#8220;on&#8220; text_orientation=&#8220;center&#8220; link_option_url=&#8220;@ET-DC@eyJkeW5hbWljIjp0cnVlLCJjb250ZW50IjoicG9zdF9saW5rX3VybF9wYWdlIiwic2V0dGluZ3MiOnsicG9zdF9pZCI6IjE5OCJ9fQ==@&#8220; hover_enabled=&#8220;0&#8243; global_colors_info=&#8220;{}&#8220; background__hover_enabled=&#8220;on|hover&#8220; background_color_gradient_stops__hover=&#8220;#64422e 0%|#64422e 100%&#8220; use_background_color_gradient__hover=&#8220;on&#8220; sticky_enabled=&#8220;0&#8243;][\/et_pb_blurb][\/et_pb_column][\/et_pb_row][et_pb_row column_structure=&#8220;1_3,1_3,1_3&#8243; _builder_version=&#8220;4.27.4&#8243; _module_preset=&#8220;default&#8220; global_colors_info=&#8220;{}&#8220;][et_pb_column type=&#8220;1_3&#8243; _builder_version=&#8220;4.27.4&#8243; _module_preset=&#8220;default&#8220; global_colors_info=&#8220;{}&#8220;][et_pb_blurb title=&#8220;Brillenpl\u00e4ne&#8220; image=&#8220;https:\/\/ronkhaz-epites.hu\/wp-content\/uploads\/2025\/07\/latvanytervek-banner.jpg&#8220; alt=&#8220;L\u00e1tv\u00e1nytervek&#8220; module_class=&#8220;banner-fooldal&#8220; _builder_version=&#8220;4.27.4&#8243; _dynamic_attributes=&#8220;link_option_url&#8220; _module_preset=&#8220;default&#8220; header_font=&#8220;|600|||||||&#8220; header_text_align=&#8220;center&#8220; header_text_color=&#8220;#FFFFFF&#8220; header_line_height=&#8220;1.4em&#8220; background_color=&#8220;#a37053&#8243; use_background_color_gradient=&#8220;on&#8220; background_color_gradient_stops=&#8220;#a37053 0%|#64422e 100%&#8220; background_color_gradient_overlays_image=&#8220;on&#8220; text_orientation=&#8220;center&#8220; link_option_url=&#8220;@ET-DC@eyJkeW5hbWljIjp0cnVlLCJjb250ZW50IjoicG9zdF9saW5rX3VybF9wYWdlIiwic2V0dGluZ3MiOnsicG9zdF9pZCI6IjY2NiJ9fQ==@&#8220; hover_enabled=&#8220;0&#8243; global_colors_info=&#8220;{}&#8220; background__hover_enabled=&#8220;on|hover&#8220; use_background_color_gradient__hover=&#8220;on&#8220; background_color_gradient_stops__hover=&#8220;#64422e 0%|#64422e 100%&#8220; sticky_enabled=&#8220;0&#8243;][\/et_pb_blurb][\/et_pb_column][et_pb_column type=&#8220;1_3&#8243; _builder_version=&#8220;4.27.4&#8243; _module_preset=&#8220;default&#8220; global_colors_info=&#8220;{}&#8220;][et_pb_blurb title=&#8220;Sitzpl\u00e4tze im Freien, offene Garage&#8220; image=&#8220;https:\/\/ronkhaz-epites.hu\/wp-content\/uploads\/2025\/07\/banner-garazsok.jpg&#8220; alt=&#8220;Ki\u00fcl\u0151k, gar\u00e1zsok&#8220; module_class=&#8220;banner-fooldal&#8220; _builder_version=&#8220;4.27.4&#8243; _dynamic_attributes=&#8220;link_option_url&#8220; _module_preset=&#8220;default&#8220; header_font=&#8220;|600|||||||&#8220; header_text_align=&#8220;center&#8220; header_text_color=&#8220;#FFFFFF&#8220; header_line_height=&#8220;1.4em&#8220; background_color=&#8220;#a37053&#8243; use_background_color_gradient=&#8220;on&#8220; background_color_gradient_stops=&#8220;#a37053 0%|#64422e 100%&#8220; background_color_gradient_overlays_image=&#8220;on&#8220; text_orientation=&#8220;center&#8220; link_option_url=&#8220;@ET-DC@eyJkeW5hbWljIjp0cnVlLCJjb250ZW50IjoicG9zdF9saW5rX3VybF9wYWdlIiwic2V0dGluZ3MiOnsicG9zdF9pZCI6IjIyNSJ9fQ==@&#8220; hover_enabled=&#8220;0&#8243; global_colors_info=&#8220;{}&#8220; background__hover_enabled=&#8220;on|hover&#8220; use_background_color_gradient__hover=&#8220;on&#8220; background_color_gradient_stops__hover=&#8220;#64422e 0%|#64422e 100%&#8220; sticky_enabled=&#8220;0&#8243;][\/et_pb_blurb][\/et_pb_column][et_pb_column type=&#8220;1_3&#8243; _builder_version=&#8220;4.27.4&#8243; _module_preset=&#8220;default&#8220; global_colors_info=&#8220;{}&#8220;][\/et_pb_column][\/et_pb_row][\/et_pb_section]<\/p>\n","protected":false},"excerpt":{"rendered":"","protected":false},"author":1,"featured_media":0,"parent":0,"menu_order":0,"comment_status":"closed","ping_status":"closed","template":"","meta":{"_et_pb_use_builder":"on","_et_pb_old_content":"<p>[et_pb_section fb_built=\"1\" _builder_version=\"4.27.4\" _module_preset=\"default\" background_enable_color=\"off\" global_colors_info=\"{}\"][et_pb_row column_structure=\"1_3,1_3,1_3\" _builder_version=\"4.27.4\" _module_preset=\"default\" global_colors_info=\"{}\"][et_pb_column type=\"1_3\" _builder_version=\"4.27.4\" _module_preset=\"default\" global_colors_info=\"{}\"][et_pb_blurb title=\"Hand-built log houses\" image=\"https:\/\/ronkhaz-epites.hu\/wp-content\/uploads\/2025\/07\/banner-kezi-gyartasu-ronkhaz.jpg\" alt=\"K\u00e9zi gy\u00e1rt\u00e1s\u00fa r\u00f6nkh\u00e1zak\" module_class=\"banner-fooldal\" _builder_version=\"4.27.4\" _dynamic_attributes=\"link_option_url\" _module_preset=\"default\" header_font=\"|600|||||||\" header_text_align=\"center\" header_text_color=\"#FFFFFF\" header_line_height=\"1.4em\" background_color=\"#a37053\" use_background_color_gradient=\"on\" background_color_gradient_stops=\"#a37053 0%|#64422e 100%\" background_color_gradient_overlays_image=\"on\" text_orientation=\"center\" link_option_url=\"@ET-DC@eyJkeW5hbWljIjp0cnVlLCJjb250ZW50IjoicG9zdF9saW5rX3VybF9wYWdlIiwic2V0dGluZ3MiOnsicG9zdF9pZCI6Ijg4In19@\" hover_enabled=\"0\" global_colors_info=\"{}\" background__hover_enabled=\"on|hover\" background_color_gradient_stops__hover=\"#64422e 0%|#64422e 100%\" use_background_color_gradient__hover=\"on\" sticky_enabled=\"0\"][\/et_pb_blurb][\/et_pb_column][et_pb_column type=\"1_3\" _builder_version=\"4.27.4\" _module_preset=\"default\" global_colors_info=\"{}\"][et_pb_blurb title=\"Machine-made log houses\" image=\"https:\/\/ronkhaz-epites.hu\/wp-content\/uploads\/2025\/07\/banner-gepi-gyartasu-ronkhaz.jpg\" alt=\"G\u00e9pi gy\u00e1rt\u00e1s\u00fa r\u00f6nkh\u00e1zak\" module_class=\"banner-fooldal\" _builder_version=\"4.27.4\" _dynamic_attributes=\"link_option_url\" _module_preset=\"default\" header_font=\"|600|||||||\" header_text_align=\"center\" header_text_color=\"#FFFFFF\" header_line_height=\"1.4em\" background_color=\"#a37053\" use_background_color_gradient=\"on\" background_color_gradient_stops=\"#a37053 0%|#64422e 100%\" background_color_gradient_overlays_image=\"on\" text_orientation=\"center\" link_option_url=\"@ET-DC@eyJkeW5hbWljIjp0cnVlLCJjb250ZW50IjoicG9zdF9saW5rX3VybF9wYWdlIiwic2V0dGluZ3MiOnsicG9zdF9pZCI6IjkwIn19@\" hover_enabled=\"0\" global_colors_info=\"{}\" background__hover_enabled=\"on|hover\" use_background_color_gradient__hover=\"on\" background_color_gradient_stops__hover=\"#64422e 0%|#64422e 100%\" sticky_enabled=\"0\"][\/et_pb_blurb][\/et_pb_column][et_pb_column type=\"1_3\" _builder_version=\"4.27.4\" _module_preset=\"default\" global_colors_info=\"{}\"][et_pb_blurb title=\"Wooden houses\" image=\"https:\/\/ronkhaz-epites.hu\/wp-content\/uploads\/2025\/07\/banner-szendvicshazak.jpg\" alt=\"Szendvicsh\u00e1zak\" module_class=\"banner-fooldal\" _builder_version=\"4.27.4\" _dynamic_attributes=\"link_option_url\" _module_preset=\"default\" header_font=\"|600|||||||\" header_text_align=\"center\" header_text_color=\"#FFFFFF\" header_line_height=\"1.4em\" background_color=\"#a37053\" use_background_color_gradient=\"on\" background_color_gradient_stops=\"#a37053 0%|#64422e 100%\" background_color_gradient_overlays_image=\"on\" text_orientation=\"center\" link_option_url=\"@ET-DC@eyJkeW5hbWljIjp0cnVlLCJjb250ZW50IjoicG9zdF9saW5rX3VybF9wYWdlIiwic2V0dGluZ3MiOnsicG9zdF9pZCI6IjE5OCJ9fQ==@\" hover_enabled=\"0\" global_colors_info=\"{}\" background__hover_enabled=\"on|hover\" background_color_gradient_stops__hover=\"#64422e 0%|#64422e 100%\" use_background_color_gradient__hover=\"on\" sticky_enabled=\"0\"][\/et_pb_blurb][\/et_pb_column][\/et_pb_row][et_pb_row column_structure=\"1_3,1_3,1_3\" _builder_version=\"4.27.4\" _module_preset=\"default\" global_colors_info=\"{}\"][et_pb_column type=\"1_3\" _builder_version=\"4.27.4\" _module_preset=\"default\" global_colors_info=\"{}\"][et_pb_blurb title=\"Spectacle plans\" image=\"https:\/\/ronkhaz-epites.hu\/wp-content\/uploads\/2025\/07\/latvanytervek-banner.jpg\" alt=\"L\u00e1tv\u00e1nytervek\" module_class=\"banner-fooldal\" _builder_version=\"4.27.4\" _dynamic_attributes=\"link_option_url\" _module_preset=\"default\" header_font=\"|600|||||||\" header_text_align=\"center\" header_text_color=\"#FFFFFF\" header_line_height=\"1.4em\" background_color=\"#a37053\" use_background_color_gradient=\"on\" background_color_gradient_stops=\"#a37053 0%|#64422e 100%\" background_color_gradient_overlays_image=\"on\" text_orientation=\"center\" link_option_url=\"@ET-DC@eyJkeW5hbWljIjp0cnVlLCJjb250ZW50IjoicG9zdF9saW5rX3VybF9wYWdlIiwic2V0dGluZ3MiOnsicG9zdF9pZCI6IjY2NiJ9fQ==@\" hover_enabled=\"0\" global_colors_info=\"{}\" background__hover_enabled=\"on|hover\" use_background_color_gradient__hover=\"on\" background_color_gradient_stops__hover=\"#64422e 0%|#64422e 100%\" sticky_enabled=\"0\"][\/et_pb_blurb][\/et_pb_column][et_pb_column type=\"1_3\" _builder_version=\"4.27.4\" _module_preset=\"default\" global_colors_info=\"{}\"][et_pb_blurb title=\"Outside seating, open garage\" image=\"https:\/\/ronkhaz-epites.hu\/wp-content\/uploads\/2025\/07\/banner-garazsok.jpg\" alt=\"Ki\u00fcl\u0151k, gar\u00e1zsok\" module_class=\"banner-fooldal\" _builder_version=\"4.27.4\" _dynamic_attributes=\"link_option_url\" _module_preset=\"default\" header_font=\"|600|||||||\" header_text_align=\"center\" header_text_color=\"#FFFFFF\" header_line_height=\"1.4em\" background_color=\"#a37053\" use_background_color_gradient=\"on\" background_color_gradient_stops=\"#a37053 0%|#64422e 100%\" background_color_gradient_overlays_image=\"on\" text_orientation=\"center\" link_option_url=\"@ET-DC@eyJkeW5hbWljIjp0cnVlLCJjb250ZW50IjoicG9zdF9saW5rX3VybF9wYWdlIiwic2V0dGluZ3MiOnsicG9zdF9pZCI6IjIyNSJ9fQ==@\" hover_enabled=\"0\" global_colors_info=\"{}\" background__hover_enabled=\"on|hover\" use_background_color_gradient__hover=\"on\" background_color_gradient_stops__hover=\"#64422e 0%|#64422e 100%\" sticky_enabled=\"0\"][\/et_pb_blurb][\/et_pb_column][et_pb_column type=\"1_3\" _builder_version=\"4.27.4\" _module_preset=\"default\" global_colors_info=\"{}\"][\/et_pb_column][\/et_pb_row][\/et_pb_section]<\/p>","_et_gb_content_width":"","footnotes":""},"class_list":["post-569","page","type-page","status-publish","hentry"],"yoast_head":"<!-- This site is optimized with the Yoast SEO plugin v25.7 - https:\/\/yoast.com\/wordpress\/plugins\/seo\/ -->\n<title>Blockh\u00e4user - ronkhaz-epites.hu<\/title>\n<meta name=\"robots\" content=\"index, follow, max-snippet:-1, max-image-preview:large, max-video-preview:-1\" \/>\n<link rel=\"canonical\" href=\"https:\/\/ronkhaz-epites.hu\/de\/blockhaeuser\/\" \/>\n<meta property=\"og:locale\" content=\"de_DE\" \/>\n<meta property=\"og:type\" content=\"article\" \/>\n<meta property=\"og:title\" content=\"Blockh\u00e4user - ronkhaz-epites.hu\" \/>\n<meta property=\"og:url\" content=\"https:\/\/ronkhaz-epites.hu\/de\/blockhaeuser\/\" \/>\n<meta property=\"og:site_name\" content=\"ronkhaz-epites.hu\" \/>\n<meta property=\"article:modified_time\" content=\"2025-07-11T09:53:05+00:00\" \/>\n<meta name=\"twitter:card\" content=\"summary_large_image\" \/>\n<meta name=\"twitter:label1\" content=\"Gesch\u00e4tzte Lesezeit\" \/>\n\t<meta name=\"twitter:data1\" content=\"4\u00a0Minuten\" \/>\n<script type=\"application\/ld+json\" class=\"yoast-schema-graph\">{\"@context\":\"https:\/\/schema.org\",\"@graph\":[{\"@type\":\"WebPage\",\"@id\":\"https:\/\/ronkhaz-epites.hu\/de\/blockhaeuser\/\",\"url\":\"https:\/\/ronkhaz-epites.hu\/de\/blockhaeuser\/\",\"name\":\"Blockh\u00e4user - ronkhaz-epites.hu\",\"isPartOf\":{\"@id\":\"https:\/\/ronkhaz-epites.hu\/#website\"},\"datePublished\":\"2025-07-03T14:30:35+00:00\",\"dateModified\":\"2025-07-11T09:53:05+00:00\",\"breadcrumb\":{\"@id\":\"https:\/\/ronkhaz-epites.hu\/de\/blockhaeuser\/#breadcrumb\"},\"inLanguage\":\"de\",\"potentialAction\":[{\"@type\":\"ReadAction\",\"target\":[\"https:\/\/ronkhaz-epites.hu\/de\/blockhaeuser\/\"]}]},{\"@type\":\"BreadcrumbList\",\"@id\":\"https:\/\/ronkhaz-epites.hu\/de\/blockhaeuser\/#breadcrumb\",\"itemListElement\":[{\"@type\":\"ListItem\",\"position\":1,\"name\":\"Kezd\u0151lap\",\"item\":\"https:\/\/ronkhaz-epites.hu\/de\/\"},{\"@type\":\"ListItem\",\"position\":2,\"name\":\"Blockh\u00e4user\"}]},{\"@type\":\"WebSite\",\"@id\":\"https:\/\/ronkhaz-epites.hu\/#website\",\"url\":\"https:\/\/ronkhaz-epites.hu\/\",\"name\":\"ronkhaz-epites.hu\",\"description\":\"\",\"publisher\":{\"@id\":\"https:\/\/ronkhaz-epites.hu\/#organization\"},\"potentialAction\":[{\"@type\":\"SearchAction\",\"target\":{\"@type\":\"EntryPoint\",\"urlTemplate\":\"https:\/\/ronkhaz-epites.hu\/?s={search_term_string}\"},\"query-input\":{\"@type\":\"PropertyValueSpecification\",\"valueRequired\":true,\"valueName\":\"search_term_string\"}}],\"inLanguage\":\"de\"},{\"@type\":\"Organization\",\"@id\":\"https:\/\/ronkhaz-epites.hu\/#organization\",\"name\":\"ronkhaz-epites.hu\",\"url\":\"https:\/\/ronkhaz-epites.hu\/\",\"logo\":{\"@type\":\"ImageObject\",\"inLanguage\":\"de\",\"@id\":\"https:\/\/ronkhaz-epites.hu\/#\/schema\/logo\/image\/\",\"url\":\"https:\/\/ronkhaz-epites.hu\/wp-content\/uploads\/2025\/06\/logo.png\",\"contentUrl\":\"https:\/\/ronkhaz-epites.hu\/wp-content\/uploads\/2025\/06\/logo.png\",\"width\":481,\"height\":100,\"caption\":\"ronkhaz-epites.hu\"},\"image\":{\"@id\":\"https:\/\/ronkhaz-epites.hu\/#\/schema\/logo\/image\/\"}}]}<\/script>\n<!-- \/ Yoast SEO plugin. -->","yoast_head_json":{"title":"Blockh\u00e4user - ronkhaz-epites.hu","robots":{"index":"index","follow":"follow","max-snippet":"max-snippet:-1","max-image-preview":"max-image-preview:large","max-video-preview":"max-video-preview:-1"},"canonical":"https:\/\/ronkhaz-epites.hu\/de\/blockhaeuser\/","og_locale":"de_DE","og_type":"article","og_title":"Blockh\u00e4user - ronkhaz-epites.hu","og_url":"https:\/\/ronkhaz-epites.hu\/de\/blockhaeuser\/","og_site_name":"ronkhaz-epites.hu","article_modified_time":"2025-07-11T09:53:05+00:00","twitter_card":"summary_large_image","twitter_misc":{"Gesch\u00e4tzte Lesezeit":"4\u00a0Minuten"},"schema":{"@context":"https:\/\/schema.org","@graph":[{"@type":"WebPage","@id":"https:\/\/ronkhaz-epites.hu\/de\/blockhaeuser\/","url":"https:\/\/ronkhaz-epites.hu\/de\/blockhaeuser\/","name":"Blockh\u00e4user - ronkhaz-epites.hu","isPartOf":{"@id":"https:\/\/ronkhaz-epites.hu\/#website"},"datePublished":"2025-07-03T14:30:35+00:00","dateModified":"2025-07-11T09:53:05+00:00","breadcrumb":{"@id":"https:\/\/ronkhaz-epites.hu\/de\/blockhaeuser\/#breadcrumb"},"inLanguage":"de","potentialAction":[{"@type":"ReadAction","target":["https:\/\/ronkhaz-epites.hu\/de\/blockhaeuser\/"]}]},{"@type":"BreadcrumbList","@id":"https:\/\/ronkhaz-epites.hu\/de\/blockhaeuser\/#breadcrumb","itemListElement":[{"@type":"ListItem","position":1,"name":"Kezd\u0151lap","item":"https:\/\/ronkhaz-epites.hu\/de\/"},{"@type":"ListItem","position":2,"name":"Blockh\u00e4user"}]},{"@type":"WebSite","@id":"https:\/\/ronkhaz-epites.hu\/#website","url":"https:\/\/ronkhaz-epites.hu\/","name":"ronkhaz-epites.hu","description":"","publisher":{"@id":"https:\/\/ronkhaz-epites.hu\/#organization"},"potentialAction":[{"@type":"SearchAction","target":{"@type":"EntryPoint","urlTemplate":"https:\/\/ronkhaz-epites.hu\/?s={search_term_string}"},"query-input":{"@type":"PropertyValueSpecification","valueRequired":true,"valueName":"search_term_string"}}],"inLanguage":"de"},{"@type":"Organization","@id":"https:\/\/ronkhaz-epites.hu\/#organization","name":"ronkhaz-epites.hu","url":"https:\/\/ronkhaz-epites.hu\/","logo":{"@type":"ImageObject","inLanguage":"de","@id":"https:\/\/ronkhaz-epites.hu\/#\/schema\/logo\/image\/","url":"https:\/\/ronkhaz-epites.hu\/wp-content\/uploads\/2025\/06\/logo.png","contentUrl":"https:\/\/ronkhaz-epites.hu\/wp-content\/uploads\/2025\/06\/logo.png","width":481,"height":100,"caption":"ronkhaz-epites.hu"},"image":{"@id":"https:\/\/ronkhaz-epites.hu\/#\/schema\/logo\/image\/"}}]}},"_links":{"self":[{"href":"https:\/\/ronkhaz-epites.hu\/de\/wp-json\/wp\/v2\/pages\/569","targetHints":{"allow":["GET"]}}],"collection":[{"href":"https:\/\/ronkhaz-epites.hu\/de\/wp-json\/wp\/v2\/pages"}],"about":[{"href":"https:\/\/ronkhaz-epites.hu\/de\/wp-json\/wp\/v2\/types\/page"}],"author":[{"embeddable":true,"href":"https:\/\/ronkhaz-epites.hu\/de\/wp-json\/wp\/v2\/users\/1"}],"replies":[{"embeddable":true,"href":"https:\/\/ronkhaz-epites.hu\/de\/wp-json\/wp\/v2\/comments?post=569"}],"version-history":[{"count":8,"href":"https:\/\/ronkhaz-epites.hu\/de\/wp-json\/wp\/v2\/pages\/569\/revisions"}],"predecessor-version":[{"id":996,"href":"https:\/\/ronkhaz-epites.hu\/de\/wp-json\/wp\/v2\/pages\/569\/revisions\/996"}],"wp:attachment":[{"href":"https:\/\/ronkhaz-epites.hu\/de\/wp-json\/wp\/v2\/media?parent=569"}],"curies":[{"name":"wp","href":"https:\/\/api.w.org\/{rel}","templated":true}]}}