{"id":614,"date":"2025-07-03T16:30:35","date_gmt":"2025-07-03T14:30:35","guid":{"rendered":"https:\/\/ronkhaz-epites.hu\/?page_id=614"},"modified":"2025-07-08T13:30:07","modified_gmt":"2025-07-08T11:30:07","slug":"casas-de-troncos","status":"publish","type":"page","link":"https:\/\/ronkhaz-epites.hu\/es\/casas-de-troncos\/","title":{"rendered":"Casas de troncos"},"content":{"rendered":"<p>[et_pb_section fb_built=\u00bb1&#8243; _builder_version=\u00bb4.27.4&#8243; _module_preset=\u00bbdefault\u00bb global_colors_info=\u00bb{}\u00bb][et_pb_row _builder_version=\u00bb4.27.4&#8243; _module_preset=\u00bbdefault\u00bb global_colors_info=\u00bb{}\u00bb][et_pb_column type=\u00bb4_4&#8243; _builder_version=\u00bb4.27.4&#8243; _module_preset=\u00bbdefault\u00bb global_colors_info=\u00bb{}\u00bb][et_pb_heading title=\u00bbSubiendo pronto\u00bb _builder_version=\u00bb4.27.4&#8243; _module_preset=\u00bbdefault\u00bb title_level=\u00bbh2&#8243; title_font=\u00bb|600|||||||\u00bb title_line_height=\u00bb1.4em\u00bb global_colors_info=\u00bb{}\u00bb][\/et_pb_heading][\/et_pb_column][\/et_pb_row][\/et_pb_section][et_pb_section fb_built=\u00bb1&#8243; _builder_version=\u00bb4.27.4&#8243; _module_preset=\u00bbdefault\u00bb background_color=\u00bb#f4f4f4&#8243; global_colors_info=\u00bb{}\u00bb][et_pb_row _builder_version=\u00bb4.27.4&#8243; _module_preset=\u00bbdefault\u00bb global_colors_info=\u00bb{}\u00bb][et_pb_column type=\u00bb4_4&#8243; _builder_version=\u00bb4.27.4&#8243; _module_preset=\u00bbdefault\u00bb global_colors_info=\u00bb{}\u00bb][et_pb_heading title=\u00bbCasas de troncos\u00bb _builder_version=\u00bb4.27.4&#8243; _module_preset=\u00bbdefault\u00bb title_level=\u00bbh2&#8243; title_font=\u00bb|600|||||||\u00bb title_text_align=\u00bbcenter\u00bb title_line_height=\u00bb1.4em\u00bb global_colors_info=\u00bb{}\u00bb][\/et_pb_heading][\/et_pb_column][\/et_pb_row][et_pb_row column_structure=\u00bb1_3,1_3,1_3&#8243; _builder_version=\u00bb4.27.4&#8243; _module_preset=\u00bbdefault\u00bb global_colors_info=\u00bb{}\u00bb][et_pb_column type=\u00bb1_3&#8243; _builder_version=\u00bb4.27.4&#8243; _module_preset=\u00bbdefault\u00bb global_colors_info=\u00bb{}\u00bb][et_pb_blurb title=\u00bbCasas de troncos construidas a mano\u00bb image=\u00bbhttps:\/\/ronkhaz-epites.hu\/wp-content\/uploads\/2025\/07\/banner-kezi-gyartasu-ronkhaz.jpg\u00bb alt=\u00bbK\u00e9zi gy\u00e1rt\u00e1s\u00fa r\u00f6nkh\u00e1zak\u00bb module_class=\u00bbbanner-fooldal\u00bb _builder_version=\u00bb4.27.4&#8243; _dynamic_attributes=\u00bblink_option_url\u00bb _module_preset=\u00bbdefault\u00bb header_font=\u00bb|600|||||||\u00bb header_text_align=\u00bbcenter\u00bb header_text_color=\u00bb#FFFFFF\u00bb header_line_height=\u00bb1.4em\u00bb background_color=\u00bb#a37053&#8243; use_background_color_gradient=\u00bbon\u00bb background_color_gradient_stops=\u00bb#a37053 0%|#64422e 100%\u00bb background_color_gradient_overlays_image=\u00bbon\u00bb text_orientation=\u00bbcenter\u00bb link_option_url=\u00bb@ET-DC@eyJkeW5hbWljIjp0cnVlLCJjb250ZW50IjoicG9zdF9saW5rX3VybF9wYWdlIiwic2V0dGluZ3MiOnsicG9zdF9pZCI6Ijg4In19@\u00bb global_colors_info=\u00bb{}\u00bb background__hover_enabled=\u00bbon|hover\u00bb background_color_gradient_stops__hover=\u00bb#64422e 0%|#64422e 100%\u00bb use_background_color_gradient__hover=\u00bbon\u00bb][\/et_pb_blurb][\/et_pb_column][et_pb_column type=\u00bb1_3&#8243; _builder_version=\u00bb4.27.4&#8243; _module_preset=\u00bbdefault\u00bb global_colors_info=\u00bb{}\u00bb][et_pb_blurb title=\u00bbCasas de troncos hechas a m\u00e1quina\u00bb image=\u00bbhttps:\/\/ronkhaz-epites.hu\/wp-content\/uploads\/2025\/07\/banner-gepi-gyartasu-ronkhaz.jpg\u00bb alt=\u00bbG\u00e9pi gy\u00e1rt\u00e1s\u00fa r\u00f6nkh\u00e1zak\u00bb module_class=\u00bbbanner-fooldal\u00bb _builder_version=\u00bb4.27.4&#8243; _dynamic_attributes=\u00bblink_option_url\u00bb _module_preset=\u00bbdefault\u00bb header_font=\u00bb|600|||||||\u00bb header_text_align=\u00bbcenter\u00bb header_text_color=\u00bb#FFFFFF\u00bb header_line_height=\u00bb1.4em\u00bb background_color=\u00bb#a37053&#8243; use_background_color_gradient=\u00bbon\u00bb background_color_gradient_stops=\u00bb#a37053 0%|#64422e 100%\u00bb background_color_gradient_overlays_image=\u00bbon\u00bb text_orientation=\u00bbcenter\u00bb link_option_url=\u00bb@ET-DC@eyJkeW5hbWljIjp0cnVlLCJjb250ZW50IjoicG9zdF9saW5rX3VybF9wYWdlIiwic2V0dGluZ3MiOnsicG9zdF9pZCI6IjkwIn19@\u00bb global_colors_info=\u00bb{}\u00bb background__hover_enabled=\u00bbon|hover\u00bb use_background_color_gradient__hover=\u00bbon\u00bb background_color_gradient_stops__hover=\u00bb#64422e 0%|#64422e 100%\u00bb][\/et_pb_blurb][\/et_pb_column][et_pb_column type=\u00bb1_3&#8243; _builder_version=\u00bb4.27.4&#8243; _module_preset=\u00bbdefault\u00bb global_colors_info=\u00bb{}\u00bb][et_pb_blurb title=\u00bbInteriores de casas de troncos\u00bb image=\u00bbhttps:\/\/ronkhaz-epites.hu\/wp-content\/uploads\/2025\/07\/banner-belso-ter.jpg\u00bb alt=\u00bbR\u00f6nkh\u00e1z bels\u0151 terek\u00bb module_class=\u00bbbanner-fooldal\u00bb _builder_version=\u00bb4.27.4&#8243; _dynamic_attributes=\u00bblink_option_url\u00bb _module_preset=\u00bbdefault\u00bb header_font=\u00bb|600|||||||\u00bb header_text_align=\u00bbcenter\u00bb header_text_color=\u00bb#FFFFFF\u00bb header_line_height=\u00bb1.4em\u00bb background_color=\u00bb#a37053&#8243; use_background_color_gradient=\u00bbon\u00bb background_color_gradient_stops=\u00bb#a37053 0%|#64422e 100%\u00bb background_color_gradient_overlays_image=\u00bbon\u00bb text_orientation=\u00bbcenter\u00bb link_option_url=\u00bb@ET-DC@eyJkeW5hbWljIjp0cnVlLCJjb250ZW50IjoicG9zdF9saW5rX3VybF9wYWdlIiwic2V0dGluZ3MiOnsicG9zdF9pZCI6IjkyIn19@\u00bb global_colors_info=\u00bb{}\u00bb background__hover_enabled=\u00bbon|hover\u00bb use_background_color_gradient__hover=\u00bbon\u00bb background_color_gradient_stops__hover=\u00bb#64422e 0%|#64422e 100%\u00bb][\/et_pb_blurb][\/et_pb_column][\/et_pb_row][et_pb_row column_structure=\u00bb1_3,1_3,1_3&#8243; _builder_version=\u00bb4.27.4&#8243; _module_preset=\u00bbdefault\u00bb global_colors_info=\u00bb{}\u00bb][et_pb_column type=\u00bb1_3&#8243; _builder_version=\u00bb4.27.4&#8243; _module_preset=\u00bbdefault\u00bb global_colors_info=\u00bb{}\u00bb][et_pb_blurb title=\u00bbCasas s\u00e1ndwich\u00bb image=\u00bbhttps:\/\/ronkhaz-epites.hu\/wp-content\/uploads\/2025\/07\/banner-szendvicshazak.jpg\u00bb alt=\u00bbSzendvicsh\u00e1zak\u00bb module_class=\u00bbbanner-fooldal\u00bb _builder_version=\u00bb4.27.4&#8243; _dynamic_attributes=\u00bblink_option_url\u00bb _module_preset=\u00bbdefault\u00bb header_font=\u00bb|600|||||||\u00bb header_text_align=\u00bbcenter\u00bb header_text_color=\u00bb#FFFFFF\u00bb header_line_height=\u00bb1.4em\u00bb background_color=\u00bb#a37053&#8243; use_background_color_gradient=\u00bbon\u00bb background_color_gradient_stops=\u00bb#a37053 0%|#64422e 100%\u00bb background_color_gradient_overlays_image=\u00bbon\u00bb text_orientation=\u00bbcenter\u00bb link_option_url=\u00bb@ET-DC@eyJkeW5hbWljIjp0cnVlLCJjb250ZW50IjoicG9zdF9saW5rX3VybF9wYWdlIiwic2V0dGluZ3MiOnsicG9zdF9pZCI6IjE5OCJ9fQ==@\u00bb global_colors_info=\u00bb{}\u00bb background__hover_enabled=\u00bbon|hover\u00bb background_color_gradient_stops__hover=\u00bb#64422e 0%|#64422e 100%\u00bb use_background_color_gradient__hover=\u00bbon\u00bb][\/et_pb_blurb][\/et_pb_column][et_pb_column type=\u00bb1_3&#8243; _builder_version=\u00bb4.27.4&#8243; _module_preset=\u00bbdefault\u00bb global_colors_info=\u00bb{}\u00bb][et_pb_blurb title=\u00bbCocheras, garajes\u00bb image=\u00bbhttps:\/\/ronkhaz-epites.hu\/wp-content\/uploads\/2025\/07\/banner-garazsok.jpg\u00bb alt=\u00bbKi\u00fcl\u0151k, gar\u00e1zsok\u00bb module_class=\u00bbbanner-fooldal\u00bb _builder_version=\u00bb4.27.4&#8243; _dynamic_attributes=\u00bblink_option_url\u00bb _module_preset=\u00bbdefault\u00bb header_font=\u00bb|600|||||||\u00bb header_text_align=\u00bbcenter\u00bb header_text_color=\u00bb#FFFFFF\u00bb header_line_height=\u00bb1.4em\u00bb background_color=\u00bb#a37053&#8243; use_background_color_gradient=\u00bbon\u00bb background_color_gradient_stops=\u00bb#a37053 0%|#64422e 100%\u00bb background_color_gradient_overlays_image=\u00bbon\u00bb text_orientation=\u00bbcenter\u00bb link_option_url=\u00bb@ET-DC@eyJkeW5hbWljIjp0cnVlLCJjb250ZW50IjoicG9zdF9saW5rX3VybF9wYWdlIiwic2V0dGluZ3MiOnsicG9zdF9pZCI6IjIyNSJ9fQ==@\u00bb global_colors_info=\u00bb{}\u00bb background__hover_enabled=\u00bbon|hover\u00bb use_background_color_gradient__hover=\u00bbon\u00bb background_color_gradient_stops__hover=\u00bb#64422e 0%|#64422e 100%\u00bb][\/et_pb_blurb][\/et_pb_column][et_pb_column type=\u00bb1_3&#8243; _builder_version=\u00bb4.27.4&#8243; _module_preset=\u00bbdefault\u00bb global_colors_info=\u00bb{}\u00bb][\/et_pb_column][\/et_pb_row][\/et_pb_section]<\/p>\n","protected":false},"excerpt":{"rendered":"","protected":false},"author":1,"featured_media":0,"parent":0,"menu_order":0,"comment_status":"closed","ping_status":"closed","template":"","meta":{"_et_pb_use_builder":"on","_et_pb_old_content":"[et_pb_section fb_built=\"1\" _builder_version=\"4.27.4\" _module_preset=\"default\" global_colors_info=\"{}\"][et_pb_row _builder_version=\"4.27.4\" _module_preset=\"default\" global_colors_info=\"{}\"][et_pb_column type=\"4_4\" _builder_version=\"4.27.4\" _module_preset=\"default\" global_colors_info=\"{}\"][et_pb_heading title=\"Uploading soon\" _builder_version=\"4.27.4\" _module_preset=\"default\" title_level=\"h2\" title_font=\"|600|||||||\" title_line_height=\"1.4em\" hover_enabled=\"0\" global_colors_info=\"{}\" sticky_enabled=\"0\"][\/et_pb_heading][\/et_pb_column][\/et_pb_row][\/et_pb_section][et_pb_section fb_built=\"1\" _builder_version=\"4.27.4\" _module_preset=\"default\" background_color=\"#f4f4f4\" global_colors_info=\"{}\" theme_builder_area=\"post_content\"][et_pb_row _builder_version=\"4.27.4\" _module_preset=\"default\" global_colors_info=\"{}\" theme_builder_area=\"post_content\"][et_pb_column type=\"4_4\" _builder_version=\"4.27.4\" _module_preset=\"default\" global_colors_info=\"{}\" theme_builder_area=\"post_content\"][et_pb_heading title=\"Log houses\" _builder_version=\"4.27.4\" _module_preset=\"default\" title_level=\"h2\" title_font=\"|600|||||||\" title_text_align=\"center\" title_line_height=\"1.4em\" global_colors_info=\"{}\" theme_builder_area=\"post_content\"][\/et_pb_heading][\/et_pb_column][\/et_pb_row][et_pb_row column_structure=\"1_3,1_3,1_3\" _builder_version=\"4.27.4\" _module_preset=\"default\" global_colors_info=\"{}\" theme_builder_area=\"post_content\"][et_pb_column type=\"1_3\" _builder_version=\"4.27.4\" _module_preset=\"default\" global_colors_info=\"{}\" theme_builder_area=\"post_content\"][et_pb_blurb title=\"Hand-built log houses\" image=\"https:\/\/ronkhaz-epites.hu\/wp-content\/uploads\/2025\/07\/banner-kezi-gyartasu-ronkhaz.jpg\" alt=\"K\u00e9zi gy\u00e1rt\u00e1s\u00fa r\u00f6nkh\u00e1zak\" module_class=\"banner-fooldal\" _builder_version=\"4.27.4\" _dynamic_attributes=\"link_option_url\" _module_preset=\"default\" header_font=\"|600|||||||\" header_text_align=\"center\" header_text_color=\"#FFFFFF\" header_line_height=\"1.4em\" background_color=\"#a37053\" use_background_color_gradient=\"on\" background_color_gradient_stops=\"#a37053 0%|#64422e 100%\" background_color_gradient_overlays_image=\"on\" text_orientation=\"center\" link_option_url=\"@ET-DC@eyJkeW5hbWljIjp0cnVlLCJjb250ZW50IjoicG9zdF9saW5rX3VybF9wYWdlIiwic2V0dGluZ3MiOnsicG9zdF9pZCI6Ijg4In19@\" global_colors_info=\"{}\" background__hover_enabled=\"on|hover\" background_color_gradient_stops__hover=\"#64422e 0%|#64422e 100%\" use_background_color_gradient__hover=\"on\" theme_builder_area=\"post_content\"][\/et_pb_blurb][\/et_pb_column][et_pb_column type=\"1_3\" _builder_version=\"4.27.4\" _module_preset=\"default\" global_colors_info=\"{}\" theme_builder_area=\"post_content\"][et_pb_blurb title=\"Machine-made log houses\" image=\"https:\/\/ronkhaz-epites.hu\/wp-content\/uploads\/2025\/07\/banner-gepi-gyartasu-ronkhaz.jpg\" alt=\"G\u00e9pi gy\u00e1rt\u00e1s\u00fa r\u00f6nkh\u00e1zak\" module_class=\"banner-fooldal\" _builder_version=\"4.27.4\" _dynamic_attributes=\"link_option_url\" _module_preset=\"default\" header_font=\"|600|||||||\" header_text_align=\"center\" header_text_color=\"#FFFFFF\" header_line_height=\"1.4em\" background_color=\"#a37053\" use_background_color_gradient=\"on\" background_color_gradient_stops=\"#a37053 0%|#64422e 100%\" background_color_gradient_overlays_image=\"on\" text_orientation=\"center\" link_option_url=\"@ET-DC@eyJkeW5hbWljIjp0cnVlLCJjb250ZW50IjoicG9zdF9saW5rX3VybF9wYWdlIiwic2V0dGluZ3MiOnsicG9zdF9pZCI6IjkwIn19@\" global_colors_info=\"{}\" background__hover_enabled=\"on|hover\" use_background_color_gradient__hover=\"on\" background_color_gradient_stops__hover=\"#64422e 0%|#64422e 100%\" theme_builder_area=\"post_content\"][\/et_pb_blurb][\/et_pb_column][et_pb_column type=\"1_3\" _builder_version=\"4.27.4\" _module_preset=\"default\" global_colors_info=\"{}\" theme_builder_area=\"post_content\"][et_pb_blurb title=\"Log house interiors\" image=\"https:\/\/ronkhaz-epites.hu\/wp-content\/uploads\/2025\/07\/banner-belso-ter.jpg\" alt=\"R\u00f6nkh\u00e1z bels\u0151 terek\" module_class=\"banner-fooldal\" _builder_version=\"4.27.4\" _dynamic_attributes=\"link_option_url\" _module_preset=\"default\" header_font=\"|600|||||||\" header_text_align=\"center\" header_text_color=\"#FFFFFF\" header_line_height=\"1.4em\" background_color=\"#a37053\" use_background_color_gradient=\"on\" background_color_gradient_stops=\"#a37053 0%|#64422e 100%\" background_color_gradient_overlays_image=\"on\" text_orientation=\"center\" link_option_url=\"@ET-DC@eyJkeW5hbWljIjp0cnVlLCJjb250ZW50IjoicG9zdF9saW5rX3VybF9wYWdlIiwic2V0dGluZ3MiOnsicG9zdF9pZCI6IjkyIn19@\" global_colors_info=\"{}\" background__hover_enabled=\"on|hover\" use_background_color_gradient__hover=\"on\" background_color_gradient_stops__hover=\"#64422e 0%|#64422e 100%\" theme_builder_area=\"post_content\"][\/et_pb_blurb][\/et_pb_column][\/et_pb_row][et_pb_row column_structure=\"1_3,1_3,1_3\" _builder_version=\"4.27.4\" _module_preset=\"default\" global_colors_info=\"{}\" theme_builder_area=\"post_content\"][et_pb_column type=\"1_3\" _builder_version=\"4.27.4\" _module_preset=\"default\" global_colors_info=\"{}\" theme_builder_area=\"post_content\"][et_pb_blurb title=\"Sandwich houses\" image=\"https:\/\/ronkhaz-epites.hu\/wp-content\/uploads\/2025\/07\/banner-szendvicshazak.jpg\" alt=\"Szendvicsh\u00e1zak\" module_class=\"banner-fooldal\" _builder_version=\"4.27.4\" _dynamic_attributes=\"link_option_url\" _module_preset=\"default\" header_font=\"|600|||||||\" header_text_align=\"center\" header_text_color=\"#FFFFFF\" header_line_height=\"1.4em\" background_color=\"#a37053\" use_background_color_gradient=\"on\" background_color_gradient_stops=\"#a37053 0%|#64422e 100%\" background_color_gradient_overlays_image=\"on\" text_orientation=\"center\" link_option_url=\"@ET-DC@eyJkeW5hbWljIjp0cnVlLCJjb250ZW50IjoicG9zdF9saW5rX3VybF9wYWdlIiwic2V0dGluZ3MiOnsicG9zdF9pZCI6IjE5OCJ9fQ==@\" global_colors_info=\"{}\" background__hover_enabled=\"on|hover\" background_color_gradient_stops__hover=\"#64422e 0%|#64422e 100%\" use_background_color_gradient__hover=\"on\" theme_builder_area=\"post_content\"][\/et_pb_blurb][\/et_pb_column][et_pb_column type=\"1_3\" _builder_version=\"4.27.4\" _module_preset=\"default\" global_colors_info=\"{}\" theme_builder_area=\"post_content\"][et_pb_blurb title=\"Carports, garages\" image=\"https:\/\/ronkhaz-epites.hu\/wp-content\/uploads\/2025\/07\/banner-garazsok.jpg\" alt=\"Ki\u00fcl\u0151k, gar\u00e1zsok\" module_class=\"banner-fooldal\" _builder_version=\"4.27.4\" _dynamic_attributes=\"link_option_url\" _module_preset=\"default\" header_font=\"|600|||||||\" header_text_align=\"center\" header_text_color=\"#FFFFFF\" header_line_height=\"1.4em\" background_color=\"#a37053\" use_background_color_gradient=\"on\" background_color_gradient_stops=\"#a37053 0%|#64422e 100%\" background_color_gradient_overlays_image=\"on\" text_orientation=\"center\" link_option_url=\"@ET-DC@eyJkeW5hbWljIjp0cnVlLCJjb250ZW50IjoicG9zdF9saW5rX3VybF9wYWdlIiwic2V0dGluZ3MiOnsicG9zdF9pZCI6IjIyNSJ9fQ==@\" global_colors_info=\"{}\" background__hover_enabled=\"on|hover\" use_background_color_gradient__hover=\"on\" background_color_gradient_stops__hover=\"#64422e 0%|#64422e 100%\" theme_builder_area=\"post_content\"][\/et_pb_blurb][\/et_pb_column][et_pb_column type=\"1_3\" _builder_version=\"4.27.4\" _module_preset=\"default\" global_colors_info=\"{}\" theme_builder_area=\"post_content\"][\/et_pb_column][\/et_pb_row][\/et_pb_section]","_et_gb_content_width":"","footnotes":""},"class_list":["post-614","page","type-page","status-publish","hentry"],"yoast_head":"<!-- This site is optimized with the Yoast SEO plugin v25.7 - https:\/\/yoast.com\/wordpress\/plugins\/seo\/ -->\n<title>Casas de troncos - ronkhaz-epites.hu<\/title>\n<meta name=\"robots\" content=\"index, follow, max-snippet:-1, max-image-preview:large, max-video-preview:-1\" \/>\n<link rel=\"canonical\" href=\"https:\/\/ronkhaz-epites.hu\/es\/casas-de-troncos\/\" \/>\n<meta property=\"og:locale\" content=\"es_ES\" \/>\n<meta property=\"og:type\" content=\"article\" \/>\n<meta property=\"og:title\" content=\"Casas de troncos - ronkhaz-epites.hu\" \/>\n<meta property=\"og:url\" content=\"https:\/\/ronkhaz-epites.hu\/es\/casas-de-troncos\/\" \/>\n<meta property=\"og:site_name\" content=\"ronkhaz-epites.hu\" \/>\n<meta property=\"article:modified_time\" content=\"2025-07-08T11:30:07+00:00\" \/>\n<meta name=\"twitter:card\" content=\"summary_large_image\" \/>\n<meta name=\"twitter:label1\" content=\"Tiempo de lectura\" \/>\n\t<meta name=\"twitter:data1\" content=\"4 minutos\" \/>\n<script type=\"application\/ld+json\" class=\"yoast-schema-graph\">{\"@context\":\"https:\/\/schema.org\",\"@graph\":[{\"@type\":\"WebPage\",\"@id\":\"https:\/\/ronkhaz-epites.hu\/es\/casas-de-troncos\/\",\"url\":\"https:\/\/ronkhaz-epites.hu\/es\/casas-de-troncos\/\",\"name\":\"Casas de troncos - ronkhaz-epites.hu\",\"isPartOf\":{\"@id\":\"https:\/\/ronkhaz-epites.hu\/#website\"},\"datePublished\":\"2025-07-03T14:30:35+00:00\",\"dateModified\":\"2025-07-08T11:30:07+00:00\",\"breadcrumb\":{\"@id\":\"https:\/\/ronkhaz-epites.hu\/es\/casas-de-troncos\/#breadcrumb\"},\"inLanguage\":\"es\",\"potentialAction\":[{\"@type\":\"ReadAction\",\"target\":[\"https:\/\/ronkhaz-epites.hu\/es\/casas-de-troncos\/\"]}]},{\"@type\":\"BreadcrumbList\",\"@id\":\"https:\/\/ronkhaz-epites.hu\/es\/casas-de-troncos\/#breadcrumb\",\"itemListElement\":[{\"@type\":\"ListItem\",\"position\":1,\"name\":\"Kezd\u0151lap\",\"item\":\"https:\/\/ronkhaz-epites.hu\/es\/\"},{\"@type\":\"ListItem\",\"position\":2,\"name\":\"Casas de troncos\"}]},{\"@type\":\"WebSite\",\"@id\":\"https:\/\/ronkhaz-epites.hu\/#website\",\"url\":\"https:\/\/ronkhaz-epites.hu\/\",\"name\":\"ronkhaz-epites.hu\",\"description\":\"\",\"publisher\":{\"@id\":\"https:\/\/ronkhaz-epites.hu\/#organization\"},\"potentialAction\":[{\"@type\":\"SearchAction\",\"target\":{\"@type\":\"EntryPoint\",\"urlTemplate\":\"https:\/\/ronkhaz-epites.hu\/?s={search_term_string}\"},\"query-input\":{\"@type\":\"PropertyValueSpecification\",\"valueRequired\":true,\"valueName\":\"search_term_string\"}}],\"inLanguage\":\"es\"},{\"@type\":\"Organization\",\"@id\":\"https:\/\/ronkhaz-epites.hu\/#organization\",\"name\":\"ronkhaz-epites.hu\",\"url\":\"https:\/\/ronkhaz-epites.hu\/\",\"logo\":{\"@type\":\"ImageObject\",\"inLanguage\":\"es\",\"@id\":\"https:\/\/ronkhaz-epites.hu\/#\/schema\/logo\/image\/\",\"url\":\"https:\/\/ronkhaz-epites.hu\/wp-content\/uploads\/2025\/06\/logo.png\",\"contentUrl\":\"https:\/\/ronkhaz-epites.hu\/wp-content\/uploads\/2025\/06\/logo.png\",\"width\":481,\"height\":100,\"caption\":\"ronkhaz-epites.hu\"},\"image\":{\"@id\":\"https:\/\/ronkhaz-epites.hu\/#\/schema\/logo\/image\/\"}}]}<\/script>\n<!-- \/ Yoast SEO plugin. -->","yoast_head_json":{"title":"Casas de troncos - ronkhaz-epites.hu","robots":{"index":"index","follow":"follow","max-snippet":"max-snippet:-1","max-image-preview":"max-image-preview:large","max-video-preview":"max-video-preview:-1"},"canonical":"https:\/\/ronkhaz-epites.hu\/es\/casas-de-troncos\/","og_locale":"es_ES","og_type":"article","og_title":"Casas de troncos - ronkhaz-epites.hu","og_url":"https:\/\/ronkhaz-epites.hu\/es\/casas-de-troncos\/","og_site_name":"ronkhaz-epites.hu","article_modified_time":"2025-07-08T11:30:07+00:00","twitter_card":"summary_large_image","twitter_misc":{"Tiempo de lectura":"4 minutos"},"schema":{"@context":"https:\/\/schema.org","@graph":[{"@type":"WebPage","@id":"https:\/\/ronkhaz-epites.hu\/es\/casas-de-troncos\/","url":"https:\/\/ronkhaz-epites.hu\/es\/casas-de-troncos\/","name":"Casas de troncos - ronkhaz-epites.hu","isPartOf":{"@id":"https:\/\/ronkhaz-epites.hu\/#website"},"datePublished":"2025-07-03T14:30:35+00:00","dateModified":"2025-07-08T11:30:07+00:00","breadcrumb":{"@id":"https:\/\/ronkhaz-epites.hu\/es\/casas-de-troncos\/#breadcrumb"},"inLanguage":"es","potentialAction":[{"@type":"ReadAction","target":["https:\/\/ronkhaz-epites.hu\/es\/casas-de-troncos\/"]}]},{"@type":"BreadcrumbList","@id":"https:\/\/ronkhaz-epites.hu\/es\/casas-de-troncos\/#breadcrumb","itemListElement":[{"@type":"ListItem","position":1,"name":"Kezd\u0151lap","item":"https:\/\/ronkhaz-epites.hu\/es\/"},{"@type":"ListItem","position":2,"name":"Casas de troncos"}]},{"@type":"WebSite","@id":"https:\/\/ronkhaz-epites.hu\/#website","url":"https:\/\/ronkhaz-epites.hu\/","name":"ronkhaz-epites.hu","description":"","publisher":{"@id":"https:\/\/ronkhaz-epites.hu\/#organization"},"potentialAction":[{"@type":"SearchAction","target":{"@type":"EntryPoint","urlTemplate":"https:\/\/ronkhaz-epites.hu\/?s={search_term_string}"},"query-input":{"@type":"PropertyValueSpecification","valueRequired":true,"valueName":"search_term_string"}}],"inLanguage":"es"},{"@type":"Organization","@id":"https:\/\/ronkhaz-epites.hu\/#organization","name":"ronkhaz-epites.hu","url":"https:\/\/ronkhaz-epites.hu\/","logo":{"@type":"ImageObject","inLanguage":"es","@id":"https:\/\/ronkhaz-epites.hu\/#\/schema\/logo\/image\/","url":"https:\/\/ronkhaz-epites.hu\/wp-content\/uploads\/2025\/06\/logo.png","contentUrl":"https:\/\/ronkhaz-epites.hu\/wp-content\/uploads\/2025\/06\/logo.png","width":481,"height":100,"caption":"ronkhaz-epites.hu"},"image":{"@id":"https:\/\/ronkhaz-epites.hu\/#\/schema\/logo\/image\/"}}]}},"_links":{"self":[{"href":"https:\/\/ronkhaz-epites.hu\/es\/wp-json\/wp\/v2\/pages\/614","targetHints":{"allow":["GET"]}}],"collection":[{"href":"https:\/\/ronkhaz-epites.hu\/es\/wp-json\/wp\/v2\/pages"}],"about":[{"href":"https:\/\/ronkhaz-epites.hu\/es\/wp-json\/wp\/v2\/types\/page"}],"author":[{"embeddable":true,"href":"https:\/\/ronkhaz-epites.hu\/es\/wp-json\/wp\/v2\/users\/1"}],"replies":[{"embeddable":true,"href":"https:\/\/ronkhaz-epites.hu\/es\/wp-json\/wp\/v2\/comments?post=614"}],"version-history":[{"count":4,"href":"https:\/\/ronkhaz-epites.hu\/es\/wp-json\/wp\/v2\/pages\/614\/revisions"}],"predecessor-version":[{"id":621,"href":"https:\/\/ronkhaz-epites.hu\/es\/wp-json\/wp\/v2\/pages\/614\/revisions\/621"}],"wp:attachment":[{"href":"https:\/\/ronkhaz-epites.hu\/es\/wp-json\/wp\/v2\/media?parent=614"}],"curies":[{"name":"wp","href":"https:\/\/api.w.org\/{rel}","templated":true}]}}