{"id":601,"date":"2025-07-03T16:30:35","date_gmt":"2025-07-03T14:30:35","guid":{"rendered":"https:\/\/ronkhaz-epites.hu\/?page_id=601"},"modified":"2025-07-08T13:24:24","modified_gmt":"2025-07-08T11:24:24","slug":"maisons-en-rondins","status":"publish","type":"page","link":"https:\/\/ronkhaz-epites.hu\/fr\/maisons-en-rondins\/","title":{"rendered":"Maisons en rondins"},"content":{"rendered":"<p>[et_pb_section fb_built=\u00a0\u00bb1&Prime; _builder_version=\u00a0\u00bb4.27.4&Prime; _module_preset=\u00a0\u00bbdefault\u00a0\u00bb global_colors_info=\u00a0\u00bb{}\u00a0\u00bb][et_pb_row _builder_version=\u00a0\u00bb4.27.4&Prime; _module_preset=\u00a0\u00bbdefault\u00a0\u00bb global_colors_info=\u00a0\u00bb{}\u00a0\u00bb][et_pb_column type=\u00a0\u00bb4_4&Prime; _builder_version=\u00a0\u00bb4.27.4&Prime; _module_preset=\u00a0\u00bbdefault\u00a0\u00bb global_colors_info=\u00a0\u00bb{}\u00a0\u00bb][et_pb_heading title=\u00a0\u00bbT\u00e9l\u00e9chargement bient\u00f4t\u00a0\u00bb _builder_version=\u00a0\u00bb4.27.4&Prime; _module_preset=\u00a0\u00bbdefault\u00a0\u00bb title_level=\u00a0\u00bbh2&Prime; title_font=\u00a0\u00bb|600|||||||\u00a0\u00bb title_line_height=\u00a0\u00bb1.4em\u00a0\u00bb hover_enabled=\u00a0\u00bb0&Prime; global_colors_info=\u00a0\u00bb{}\u00a0\u00bb sticky_enabled=\u00a0\u00bb0&Prime;][\/et_pb_heading][\/et_pb_column][\/et_pb_row][\/et_pb_section][et_pb_section fb_built=\u00a0\u00bb1&Prime; _builder_version=\u00a0\u00bb4.27.4&Prime; _module_preset=\u00a0\u00bbdefault\u00a0\u00bb background_color=\u00a0\u00bb#f4f4f4&Prime; global_colors_info=\u00a0\u00bb{}\u00a0\u00bb theme_builder_area=\u00a0\u00bbpost_content\u00a0\u00bb][et_pb_row _builder_version=\u00a0\u00bb4.27.4&Prime; _module_preset=\u00a0\u00bbdefault\u00a0\u00bb global_colors_info=\u00a0\u00bb{}\u00a0\u00bb theme_builder_area=\u00a0\u00bbpost_content\u00a0\u00bb][et_pb_column type=\u00a0\u00bb4_4&Prime; _builder_version=\u00a0\u00bb4.27.4&Prime; _module_preset=\u00a0\u00bbdefault\u00a0\u00bb global_colors_info=\u00a0\u00bb{}\u00a0\u00bb theme_builder_area=\u00a0\u00bbpost_content\u00a0\u00bb][et_pb_heading title=\u00a0\u00bbMaisons en rondins\u00a0\u00bb _builder_version=\u00a0\u00bb4.27.4&Prime; _module_preset=\u00a0\u00bbdefault\u00a0\u00bb title_level=\u00a0\u00bbh2&Prime; title_font=\u00a0\u00bb|600|||||||\u00a0\u00bb title_text_align=\u00a0\u00bbcenter\u00a0\u00bb title_line_height=\u00a0\u00bb1.4em\u00a0\u00bb global_colors_info=\u00a0\u00bb{}\u00a0\u00bb theme_builder_area=\u00a0\u00bbpost_content\u00a0\u00bb][\/et_pb_heading][\/et_pb_column][\/et_pb_row][et_pb_row column_structure=\u00a0\u00bb1_3,1_3,1_3&Prime; _builder_version=\u00a0\u00bb4.27.4&Prime; _module_preset=\u00a0\u00bbdefault\u00a0\u00bb global_colors_info=\u00a0\u00bb{}\u00a0\u00bb theme_builder_area=\u00a0\u00bbpost_content\u00a0\u00bb][et_pb_column type=\u00a0\u00bb1_3&Prime; _builder_version=\u00a0\u00bb4.27.4&Prime; _module_preset=\u00a0\u00bbdefault\u00a0\u00bb global_colors_info=\u00a0\u00bb{}\u00a0\u00bb theme_builder_area=\u00a0\u00bbpost_content\u00a0\u00bb][et_pb_blurb title=\u00a0\u00bbMaisons en rondins construites \u00e0 la main\u00a0\u00bb image=\u00a0\u00bbhttps:\/\/ronkhaz-epites.hu\/wp-content\/uploads\/2025\/07\/banner-kezi-gyartasu-ronkhaz.jpg\u00a0\u00bb alt=\u00a0\u00bbK\u00e9zi gy\u00e1rt\u00e1s\u00fa r\u00f6nkh\u00e1zak\u00a0\u00bb module_class=\u00a0\u00bbbanner-fooldal\u00a0\u00bb _builder_version=\u00a0\u00bb4.27.4&Prime; _dynamic_attributes=\u00a0\u00bblink_option_url\u00a0\u00bb _module_preset=\u00a0\u00bbdefault\u00a0\u00bb header_font=\u00a0\u00bb|600|||||||\u00a0\u00bb header_text_align=\u00a0\u00bbcenter\u00a0\u00bb header_text_color=\u00a0\u00bb#FFFFFF\u00a0\u00bb header_line_height=\u00a0\u00bb1.4em\u00a0\u00bb background_color=\u00a0\u00bb#a37053&Prime; use_background_color_gradient=\u00a0\u00bbon\u00a0\u00bb background_color_gradient_stops=\u00a0\u00bb#a37053 0%|#64422e 100%\u00a0\u00bb background_color_gradient_overlays_image=\u00a0\u00bbon\u00a0\u00bb text_orientation=\u00a0\u00bbcenter\u00a0\u00bb link_option_url=\u00a0\u00bb@ET-DC@eyJkeW5hbWljIjp0cnVlLCJjb250ZW50IjoicG9zdF9saW5rX3VybF9wYWdlIiwic2V0dGluZ3MiOnsicG9zdF9pZCI6Ijg4In19@\u00a0\u00bb global_colors_info=\u00a0\u00bb{}\u00a0\u00bb background__hover_enabled=\u00a0\u00bbon|hover\u00a0\u00bb background_color_gradient_stops__hover=\u00a0\u00bb#64422e 0%|#64422e 100%\u00a0\u00bb use_background_color_gradient__hover=\u00a0\u00bbon\u00a0\u00bb theme_builder_area=\u00a0\u00bbpost_content\u00a0\u00bb][\/et_pb_blurb][\/et_pb_column][et_pb_column type=\u00a0\u00bb1_3&Prime; _builder_version=\u00a0\u00bb4.27.4&Prime; _module_preset=\u00a0\u00bbdefault\u00a0\u00bb global_colors_info=\u00a0\u00bb{}\u00a0\u00bb theme_builder_area=\u00a0\u00bbpost_content\u00a0\u00bb][et_pb_blurb title=\u00a0\u00bbMaisons en rondins fabriqu\u00e9es \u00e0 la machine\u00a0\u00bb image=\u00a0\u00bbhttps:\/\/ronkhaz-epites.hu\/wp-content\/uploads\/2025\/07\/banner-gepi-gyartasu-ronkhaz.jpg\u00a0\u00bb alt=\u00a0\u00bbG\u00e9pi gy\u00e1rt\u00e1s\u00fa r\u00f6nkh\u00e1zak\u00a0\u00bb module_class=\u00a0\u00bbbanner-fooldal\u00a0\u00bb _builder_version=\u00a0\u00bb4.27.4&Prime; _dynamic_attributes=\u00a0\u00bblink_option_url\u00a0\u00bb _module_preset=\u00a0\u00bbdefault\u00a0\u00bb header_font=\u00a0\u00bb|600|||||||\u00a0\u00bb header_text_align=\u00a0\u00bbcenter\u00a0\u00bb header_text_color=\u00a0\u00bb#FFFFFF\u00a0\u00bb header_line_height=\u00a0\u00bb1.4em\u00a0\u00bb background_color=\u00a0\u00bb#a37053&Prime; use_background_color_gradient=\u00a0\u00bbon\u00a0\u00bb background_color_gradient_stops=\u00a0\u00bb#a37053 0%|#64422e 100%\u00a0\u00bb background_color_gradient_overlays_image=\u00a0\u00bbon\u00a0\u00bb text_orientation=\u00a0\u00bbcenter\u00a0\u00bb link_option_url=\u00a0\u00bb@ET-DC@eyJkeW5hbWljIjp0cnVlLCJjb250ZW50IjoicG9zdF9saW5rX3VybF9wYWdlIiwic2V0dGluZ3MiOnsicG9zdF9pZCI6IjkwIn19@\u00a0\u00bb global_colors_info=\u00a0\u00bb{}\u00a0\u00bb background__hover_enabled=\u00a0\u00bbon|hover\u00a0\u00bb use_background_color_gradient__hover=\u00a0\u00bbon\u00a0\u00bb background_color_gradient_stops__hover=\u00a0\u00bb#64422e 0%|#64422e 100%\u00a0\u00bb theme_builder_area=\u00a0\u00bbpost_content\u00a0\u00bb][\/et_pb_blurb][\/et_pb_column][et_pb_column type=\u00a0\u00bb1_3&Prime; _builder_version=\u00a0\u00bb4.27.4&Prime; _module_preset=\u00a0\u00bbdefault\u00a0\u00bb global_colors_info=\u00a0\u00bb{}\u00a0\u00bb theme_builder_area=\u00a0\u00bbpost_content\u00a0\u00bb][et_pb_blurb title=\u00a0\u00bbInt\u00e9rieurs de maisons en rondins\u00a0\u00bb image=\u00a0\u00bbhttps:\/\/ronkhaz-epites.hu\/wp-content\/uploads\/2025\/07\/banner-belso-ter.jpg\u00a0\u00bb alt=\u00a0\u00bbR\u00f6nkh\u00e1z bels\u0151 terek\u00a0\u00bb module_class=\u00a0\u00bbbanner-fooldal\u00a0\u00bb _builder_version=\u00a0\u00bb4.27.4&Prime; _dynamic_attributes=\u00a0\u00bblink_option_url\u00a0\u00bb _module_preset=\u00a0\u00bbdefault\u00a0\u00bb header_font=\u00a0\u00bb|600|||||||\u00a0\u00bb header_text_align=\u00a0\u00bbcenter\u00a0\u00bb header_text_color=\u00a0\u00bb#FFFFFF\u00a0\u00bb header_line_height=\u00a0\u00bb1.4em\u00a0\u00bb background_color=\u00a0\u00bb#a37053&Prime; use_background_color_gradient=\u00a0\u00bbon\u00a0\u00bb background_color_gradient_stops=\u00a0\u00bb#a37053 0%|#64422e 100%\u00a0\u00bb background_color_gradient_overlays_image=\u00a0\u00bbon\u00a0\u00bb text_orientation=\u00a0\u00bbcenter\u00a0\u00bb link_option_url=\u00a0\u00bb@ET-DC@eyJkeW5hbWljIjp0cnVlLCJjb250ZW50IjoicG9zdF9saW5rX3VybF9wYWdlIiwic2V0dGluZ3MiOnsicG9zdF9pZCI6IjkyIn19@\u00a0\u00bb global_colors_info=\u00a0\u00bb{}\u00a0\u00bb background__hover_enabled=\u00a0\u00bbon|hover\u00a0\u00bb use_background_color_gradient__hover=\u00a0\u00bbon\u00a0\u00bb background_color_gradient_stops__hover=\u00a0\u00bb#64422e 0%|#64422e 100%\u00a0\u00bb theme_builder_area=\u00a0\u00bbpost_content\u00a0\u00bb][\/et_pb_blurb][\/et_pb_column][\/et_pb_row][et_pb_row column_structure=\u00a0\u00bb1_3,1_3,1_3&Prime; _builder_version=\u00a0\u00bb4.27.4&Prime; _module_preset=\u00a0\u00bbdefault\u00a0\u00bb global_colors_info=\u00a0\u00bb{}\u00a0\u00bb theme_builder_area=\u00a0\u00bbpost_content\u00a0\u00bb][et_pb_column type=\u00a0\u00bb1_3&Prime; _builder_version=\u00a0\u00bb4.27.4&Prime; _module_preset=\u00a0\u00bbdefault\u00a0\u00bb global_colors_info=\u00a0\u00bb{}\u00a0\u00bb theme_builder_area=\u00a0\u00bbpost_content\u00a0\u00bb][et_pb_blurb title=\u00a0\u00bbSandwicheries\u00a0\u00bb image=\u00a0\u00bbhttps:\/\/ronkhaz-epites.hu\/wp-content\/uploads\/2025\/07\/banner-szendvicshazak.jpg\u00a0\u00bb alt=\u00a0\u00bbSzendvicsh\u00e1zak\u00a0\u00bb module_class=\u00a0\u00bbbanner-fooldal\u00a0\u00bb _builder_version=\u00a0\u00bb4.27.4&Prime; _dynamic_attributes=\u00a0\u00bblink_option_url\u00a0\u00bb _module_preset=\u00a0\u00bbdefault\u00a0\u00bb header_font=\u00a0\u00bb|600|||||||\u00a0\u00bb header_text_align=\u00a0\u00bbcenter\u00a0\u00bb header_text_color=\u00a0\u00bb#FFFFFF\u00a0\u00bb header_line_height=\u00a0\u00bb1.4em\u00a0\u00bb background_color=\u00a0\u00bb#a37053&Prime; use_background_color_gradient=\u00a0\u00bbon\u00a0\u00bb background_color_gradient_stops=\u00a0\u00bb#a37053 0%|#64422e 100%\u00a0\u00bb background_color_gradient_overlays_image=\u00a0\u00bbon\u00a0\u00bb text_orientation=\u00a0\u00bbcenter\u00a0\u00bb link_option_url=\u00a0\u00bb@ET-DC@eyJkeW5hbWljIjp0cnVlLCJjb250ZW50IjoicG9zdF9saW5rX3VybF9wYWdlIiwic2V0dGluZ3MiOnsicG9zdF9pZCI6IjE5OCJ9fQ==@\u00a0\u00bb global_colors_info=\u00a0\u00bb{}\u00a0\u00bb background__hover_enabled=\u00a0\u00bbon|hover\u00a0\u00bb background_color_gradient_stops__hover=\u00a0\u00bb#64422e 0%|#64422e 100%\u00a0\u00bb use_background_color_gradient__hover=\u00a0\u00bbon\u00a0\u00bb theme_builder_area=\u00a0\u00bbpost_content\u00a0\u00bb][\/et_pb_blurb][\/et_pb_column][et_pb_column type=\u00a0\u00bb1_3&Prime; _builder_version=\u00a0\u00bb4.27.4&Prime; _module_preset=\u00a0\u00bbdefault\u00a0\u00bb global_colors_info=\u00a0\u00bb{}\u00a0\u00bb theme_builder_area=\u00a0\u00bbpost_content\u00a0\u00bb][et_pb_blurb title=\u00a0\u00bbCarports, garages\u00a0\u00bb image=\u00a0\u00bbhttps:\/\/ronkhaz-epites.hu\/wp-content\/uploads\/2025\/07\/banner-garazsok.jpg\u00a0\u00bb alt=\u00a0\u00bbKi\u00fcl\u0151k, gar\u00e1zsok\u00a0\u00bb module_class=\u00a0\u00bbbanner-fooldal\u00a0\u00bb _builder_version=\u00a0\u00bb4.27.4&Prime; _dynamic_attributes=\u00a0\u00bblink_option_url\u00a0\u00bb _module_preset=\u00a0\u00bbdefault\u00a0\u00bb header_font=\u00a0\u00bb|600|||||||\u00a0\u00bb header_text_align=\u00a0\u00bbcenter\u00a0\u00bb header_text_color=\u00a0\u00bb#FFFFFF\u00a0\u00bb header_line_height=\u00a0\u00bb1.4em\u00a0\u00bb background_color=\u00a0\u00bb#a37053&Prime; use_background_color_gradient=\u00a0\u00bbon\u00a0\u00bb background_color_gradient_stops=\u00a0\u00bb#a37053 0%|#64422e 100%\u00a0\u00bb background_color_gradient_overlays_image=\u00a0\u00bbon\u00a0\u00bb text_orientation=\u00a0\u00bbcenter\u00a0\u00bb link_option_url=\u00a0\u00bb@ET-DC@eyJkeW5hbWljIjp0cnVlLCJjb250ZW50IjoicG9zdF9saW5rX3VybF9wYWdlIiwic2V0dGluZ3MiOnsicG9zdF9pZCI6IjIyNSJ9fQ==@\u00a0\u00bb global_colors_info=\u00a0\u00bb{}\u00a0\u00bb background__hover_enabled=\u00a0\u00bbon|hover\u00a0\u00bb use_background_color_gradient__hover=\u00a0\u00bbon\u00a0\u00bb background_color_gradient_stops__hover=\u00a0\u00bb#64422e 0%|#64422e 100%\u00a0\u00bb theme_builder_area=\u00a0\u00bbpost_content\u00a0\u00bb][\/et_pb_blurb][\/et_pb_column][et_pb_column type=\u00a0\u00bb1_3&Prime; _builder_version=\u00a0\u00bb4.27.4&Prime; _module_preset=\u00a0\u00bbdefault\u00a0\u00bb global_colors_info=\u00a0\u00bb{}\u00a0\u00bb theme_builder_area=\u00a0\u00bbpost_content\u00a0\u00bb][\/et_pb_column][\/et_pb_row][\/et_pb_section]<\/p>\n","protected":false},"excerpt":{"rendered":"","protected":false},"author":1,"featured_media":0,"parent":0,"menu_order":0,"comment_status":"closed","ping_status":"closed","template":"","meta":{"_et_pb_use_builder":"on","_et_pb_old_content":"[et_pb_section fb_built=\"1\" _builder_version=\"4.27.4\" _module_preset=\"default\" global_colors_info=\"{}\"][et_pb_row _builder_version=\"4.27.4\" _module_preset=\"default\" global_colors_info=\"{}\"][et_pb_column type=\"4_4\" _builder_version=\"4.27.4\" _module_preset=\"default\" global_colors_info=\"{}\"][et_pb_heading title=\"Uploading soon\" _builder_version=\"4.27.4\" _module_preset=\"default\" title_level=\"h2\" title_font=\"|600|||||||\" title_line_height=\"1.4em\" hover_enabled=\"0\" global_colors_info=\"{}\" sticky_enabled=\"0\"][\/et_pb_heading][\/et_pb_column][\/et_pb_row][\/et_pb_section][et_pb_section fb_built=\"1\" _builder_version=\"4.27.4\" _module_preset=\"default\" background_color=\"#f4f4f4\" global_colors_info=\"{}\" theme_builder_area=\"post_content\"][et_pb_row _builder_version=\"4.27.4\" _module_preset=\"default\" global_colors_info=\"{}\" theme_builder_area=\"post_content\"][et_pb_column type=\"4_4\" _builder_version=\"4.27.4\" _module_preset=\"default\" global_colors_info=\"{}\" theme_builder_area=\"post_content\"][et_pb_heading title=\"Log houses\" _builder_version=\"4.27.4\" _module_preset=\"default\" title_level=\"h2\" title_font=\"|600|||||||\" title_text_align=\"center\" title_line_height=\"1.4em\" global_colors_info=\"{}\" theme_builder_area=\"post_content\"][\/et_pb_heading][\/et_pb_column][\/et_pb_row][et_pb_row column_structure=\"1_3,1_3,1_3\" _builder_version=\"4.27.4\" _module_preset=\"default\" global_colors_info=\"{}\" theme_builder_area=\"post_content\"][et_pb_column type=\"1_3\" _builder_version=\"4.27.4\" _module_preset=\"default\" global_colors_info=\"{}\" theme_builder_area=\"post_content\"][et_pb_blurb title=\"Hand-built log houses\" image=\"https:\/\/ronkhaz-epites.hu\/wp-content\/uploads\/2025\/07\/banner-kezi-gyartasu-ronkhaz.jpg\" alt=\"K\u00e9zi gy\u00e1rt\u00e1s\u00fa r\u00f6nkh\u00e1zak\" module_class=\"banner-fooldal\" _builder_version=\"4.27.4\" _dynamic_attributes=\"link_option_url\" _module_preset=\"default\" header_font=\"|600|||||||\" header_text_align=\"center\" header_text_color=\"#FFFFFF\" header_line_height=\"1.4em\" background_color=\"#a37053\" use_background_color_gradient=\"on\" background_color_gradient_stops=\"#a37053 0%|#64422e 100%\" background_color_gradient_overlays_image=\"on\" text_orientation=\"center\" link_option_url=\"@ET-DC@eyJkeW5hbWljIjp0cnVlLCJjb250ZW50IjoicG9zdF9saW5rX3VybF9wYWdlIiwic2V0dGluZ3MiOnsicG9zdF9pZCI6Ijg4In19@\" global_colors_info=\"{}\" background__hover_enabled=\"on|hover\" background_color_gradient_stops__hover=\"#64422e 0%|#64422e 100%\" use_background_color_gradient__hover=\"on\" theme_builder_area=\"post_content\"][\/et_pb_blurb][\/et_pb_column][et_pb_column type=\"1_3\" _builder_version=\"4.27.4\" _module_preset=\"default\" global_colors_info=\"{}\" theme_builder_area=\"post_content\"][et_pb_blurb title=\"Machine-made log houses\" image=\"https:\/\/ronkhaz-epites.hu\/wp-content\/uploads\/2025\/07\/banner-gepi-gyartasu-ronkhaz.jpg\" alt=\"G\u00e9pi gy\u00e1rt\u00e1s\u00fa r\u00f6nkh\u00e1zak\" module_class=\"banner-fooldal\" _builder_version=\"4.27.4\" _dynamic_attributes=\"link_option_url\" _module_preset=\"default\" header_font=\"|600|||||||\" header_text_align=\"center\" header_text_color=\"#FFFFFF\" header_line_height=\"1.4em\" background_color=\"#a37053\" use_background_color_gradient=\"on\" background_color_gradient_stops=\"#a37053 0%|#64422e 100%\" background_color_gradient_overlays_image=\"on\" text_orientation=\"center\" link_option_url=\"@ET-DC@eyJkeW5hbWljIjp0cnVlLCJjb250ZW50IjoicG9zdF9saW5rX3VybF9wYWdlIiwic2V0dGluZ3MiOnsicG9zdF9pZCI6IjkwIn19@\" global_colors_info=\"{}\" background__hover_enabled=\"on|hover\" use_background_color_gradient__hover=\"on\" background_color_gradient_stops__hover=\"#64422e 0%|#64422e 100%\" theme_builder_area=\"post_content\"][\/et_pb_blurb][\/et_pb_column][et_pb_column type=\"1_3\" _builder_version=\"4.27.4\" _module_preset=\"default\" global_colors_info=\"{}\" theme_builder_area=\"post_content\"][et_pb_blurb title=\"Log house interiors\" image=\"https:\/\/ronkhaz-epites.hu\/wp-content\/uploads\/2025\/07\/banner-belso-ter.jpg\" alt=\"R\u00f6nkh\u00e1z bels\u0151 terek\" module_class=\"banner-fooldal\" _builder_version=\"4.27.4\" _dynamic_attributes=\"link_option_url\" _module_preset=\"default\" header_font=\"|600|||||||\" header_text_align=\"center\" header_text_color=\"#FFFFFF\" header_line_height=\"1.4em\" background_color=\"#a37053\" use_background_color_gradient=\"on\" background_color_gradient_stops=\"#a37053 0%|#64422e 100%\" background_color_gradient_overlays_image=\"on\" text_orientation=\"center\" link_option_url=\"@ET-DC@eyJkeW5hbWljIjp0cnVlLCJjb250ZW50IjoicG9zdF9saW5rX3VybF9wYWdlIiwic2V0dGluZ3MiOnsicG9zdF9pZCI6IjkyIn19@\" global_colors_info=\"{}\" background__hover_enabled=\"on|hover\" use_background_color_gradient__hover=\"on\" background_color_gradient_stops__hover=\"#64422e 0%|#64422e 100%\" theme_builder_area=\"post_content\"][\/et_pb_blurb][\/et_pb_column][\/et_pb_row][et_pb_row column_structure=\"1_3,1_3,1_3\" _builder_version=\"4.27.4\" _module_preset=\"default\" global_colors_info=\"{}\" theme_builder_area=\"post_content\"][et_pb_column type=\"1_3\" _builder_version=\"4.27.4\" _module_preset=\"default\" global_colors_info=\"{}\" theme_builder_area=\"post_content\"][et_pb_blurb title=\"Sandwich houses\" image=\"https:\/\/ronkhaz-epites.hu\/wp-content\/uploads\/2025\/07\/banner-szendvicshazak.jpg\" alt=\"Szendvicsh\u00e1zak\" module_class=\"banner-fooldal\" _builder_version=\"4.27.4\" _dynamic_attributes=\"link_option_url\" _module_preset=\"default\" header_font=\"|600|||||||\" header_text_align=\"center\" header_text_color=\"#FFFFFF\" header_line_height=\"1.4em\" background_color=\"#a37053\" use_background_color_gradient=\"on\" background_color_gradient_stops=\"#a37053 0%|#64422e 100%\" background_color_gradient_overlays_image=\"on\" text_orientation=\"center\" link_option_url=\"@ET-DC@eyJkeW5hbWljIjp0cnVlLCJjb250ZW50IjoicG9zdF9saW5rX3VybF9wYWdlIiwic2V0dGluZ3MiOnsicG9zdF9pZCI6IjE5OCJ9fQ==@\" global_colors_info=\"{}\" background__hover_enabled=\"on|hover\" background_color_gradient_stops__hover=\"#64422e 0%|#64422e 100%\" use_background_color_gradient__hover=\"on\" theme_builder_area=\"post_content\"][\/et_pb_blurb][\/et_pb_column][et_pb_column type=\"1_3\" _builder_version=\"4.27.4\" _module_preset=\"default\" global_colors_info=\"{}\" theme_builder_area=\"post_content\"][et_pb_blurb title=\"Carports, garages\" image=\"https:\/\/ronkhaz-epites.hu\/wp-content\/uploads\/2025\/07\/banner-garazsok.jpg\" alt=\"Ki\u00fcl\u0151k, gar\u00e1zsok\" module_class=\"banner-fooldal\" _builder_version=\"4.27.4\" _dynamic_attributes=\"link_option_url\" _module_preset=\"default\" header_font=\"|600|||||||\" header_text_align=\"center\" header_text_color=\"#FFFFFF\" header_line_height=\"1.4em\" background_color=\"#a37053\" use_background_color_gradient=\"on\" background_color_gradient_stops=\"#a37053 0%|#64422e 100%\" background_color_gradient_overlays_image=\"on\" text_orientation=\"center\" link_option_url=\"@ET-DC@eyJkeW5hbWljIjp0cnVlLCJjb250ZW50IjoicG9zdF9saW5rX3VybF9wYWdlIiwic2V0dGluZ3MiOnsicG9zdF9pZCI6IjIyNSJ9fQ==@\" global_colors_info=\"{}\" background__hover_enabled=\"on|hover\" use_background_color_gradient__hover=\"on\" background_color_gradient_stops__hover=\"#64422e 0%|#64422e 100%\" theme_builder_area=\"post_content\"][\/et_pb_blurb][\/et_pb_column][et_pb_column type=\"1_3\" _builder_version=\"4.27.4\" _module_preset=\"default\" global_colors_info=\"{}\" theme_builder_area=\"post_content\"][\/et_pb_column][\/et_pb_row][\/et_pb_section]","_et_gb_content_width":"","footnotes":""},"class_list":["post-601","page","type-page","status-publish","hentry"],"yoast_head":"<!-- This site is optimized with the Yoast SEO plugin v25.7 - https:\/\/yoast.com\/wordpress\/plugins\/seo\/ -->\n<title>Maisons en rondins - ronkhaz-epites.hu<\/title>\n<meta name=\"robots\" content=\"index, follow, max-snippet:-1, max-image-preview:large, max-video-preview:-1\" \/>\n<link rel=\"canonical\" href=\"https:\/\/ronkhaz-epites.hu\/fr\/maisons-en-rondins\/\" \/>\n<meta property=\"og:locale\" content=\"fr_FR\" \/>\n<meta property=\"og:type\" content=\"article\" \/>\n<meta property=\"og:title\" content=\"Maisons en rondins - ronkhaz-epites.hu\" \/>\n<meta property=\"og:url\" content=\"https:\/\/ronkhaz-epites.hu\/fr\/maisons-en-rondins\/\" \/>\n<meta property=\"og:site_name\" content=\"ronkhaz-epites.hu\" \/>\n<meta property=\"article:modified_time\" content=\"2025-07-08T11:24:24+00:00\" \/>\n<meta name=\"twitter:card\" content=\"summary_large_image\" \/>\n<meta name=\"twitter:label1\" content=\"Dur\u00e9e de lecture estim\u00e9e\" \/>\n\t<meta name=\"twitter:data1\" content=\"5 minutes\" \/>\n<script type=\"application\/ld+json\" class=\"yoast-schema-graph\">{\"@context\":\"https:\/\/schema.org\",\"@graph\":[{\"@type\":\"WebPage\",\"@id\":\"https:\/\/ronkhaz-epites.hu\/fr\/maisons-en-rondins\/\",\"url\":\"https:\/\/ronkhaz-epites.hu\/fr\/maisons-en-rondins\/\",\"name\":\"Maisons en rondins - ronkhaz-epites.hu\",\"isPartOf\":{\"@id\":\"https:\/\/ronkhaz-epites.hu\/#website\"},\"datePublished\":\"2025-07-03T14:30:35+00:00\",\"dateModified\":\"2025-07-08T11:24:24+00:00\",\"breadcrumb\":{\"@id\":\"https:\/\/ronkhaz-epites.hu\/fr\/maisons-en-rondins\/#breadcrumb\"},\"inLanguage\":\"fr-FR\",\"potentialAction\":[{\"@type\":\"ReadAction\",\"target\":[\"https:\/\/ronkhaz-epites.hu\/fr\/maisons-en-rondins\/\"]}]},{\"@type\":\"BreadcrumbList\",\"@id\":\"https:\/\/ronkhaz-epites.hu\/fr\/maisons-en-rondins\/#breadcrumb\",\"itemListElement\":[{\"@type\":\"ListItem\",\"position\":1,\"name\":\"Kezd\u0151lap\",\"item\":\"https:\/\/ronkhaz-epites.hu\/fr\/\"},{\"@type\":\"ListItem\",\"position\":2,\"name\":\"Maisons en rondins\"}]},{\"@type\":\"WebSite\",\"@id\":\"https:\/\/ronkhaz-epites.hu\/#website\",\"url\":\"https:\/\/ronkhaz-epites.hu\/\",\"name\":\"ronkhaz-epites.hu\",\"description\":\"\",\"publisher\":{\"@id\":\"https:\/\/ronkhaz-epites.hu\/#organization\"},\"potentialAction\":[{\"@type\":\"SearchAction\",\"target\":{\"@type\":\"EntryPoint\",\"urlTemplate\":\"https:\/\/ronkhaz-epites.hu\/?s={search_term_string}\"},\"query-input\":{\"@type\":\"PropertyValueSpecification\",\"valueRequired\":true,\"valueName\":\"search_term_string\"}}],\"inLanguage\":\"fr-FR\"},{\"@type\":\"Organization\",\"@id\":\"https:\/\/ronkhaz-epites.hu\/#organization\",\"name\":\"ronkhaz-epites.hu\",\"url\":\"https:\/\/ronkhaz-epites.hu\/\",\"logo\":{\"@type\":\"ImageObject\",\"inLanguage\":\"fr-FR\",\"@id\":\"https:\/\/ronkhaz-epites.hu\/#\/schema\/logo\/image\/\",\"url\":\"https:\/\/ronkhaz-epites.hu\/wp-content\/uploads\/2025\/06\/logo.png\",\"contentUrl\":\"https:\/\/ronkhaz-epites.hu\/wp-content\/uploads\/2025\/06\/logo.png\",\"width\":481,\"height\":100,\"caption\":\"ronkhaz-epites.hu\"},\"image\":{\"@id\":\"https:\/\/ronkhaz-epites.hu\/#\/schema\/logo\/image\/\"}}]}<\/script>\n<!-- \/ Yoast SEO plugin. -->","yoast_head_json":{"title":"Maisons en rondins - ronkhaz-epites.hu","robots":{"index":"index","follow":"follow","max-snippet":"max-snippet:-1","max-image-preview":"max-image-preview:large","max-video-preview":"max-video-preview:-1"},"canonical":"https:\/\/ronkhaz-epites.hu\/fr\/maisons-en-rondins\/","og_locale":"fr_FR","og_type":"article","og_title":"Maisons en rondins - ronkhaz-epites.hu","og_url":"https:\/\/ronkhaz-epites.hu\/fr\/maisons-en-rondins\/","og_site_name":"ronkhaz-epites.hu","article_modified_time":"2025-07-08T11:24:24+00:00","twitter_card":"summary_large_image","twitter_misc":{"Dur\u00e9e de lecture estim\u00e9e":"5 minutes"},"schema":{"@context":"https:\/\/schema.org","@graph":[{"@type":"WebPage","@id":"https:\/\/ronkhaz-epites.hu\/fr\/maisons-en-rondins\/","url":"https:\/\/ronkhaz-epites.hu\/fr\/maisons-en-rondins\/","name":"Maisons en rondins - ronkhaz-epites.hu","isPartOf":{"@id":"https:\/\/ronkhaz-epites.hu\/#website"},"datePublished":"2025-07-03T14:30:35+00:00","dateModified":"2025-07-08T11:24:24+00:00","breadcrumb":{"@id":"https:\/\/ronkhaz-epites.hu\/fr\/maisons-en-rondins\/#breadcrumb"},"inLanguage":"fr-FR","potentialAction":[{"@type":"ReadAction","target":["https:\/\/ronkhaz-epites.hu\/fr\/maisons-en-rondins\/"]}]},{"@type":"BreadcrumbList","@id":"https:\/\/ronkhaz-epites.hu\/fr\/maisons-en-rondins\/#breadcrumb","itemListElement":[{"@type":"ListItem","position":1,"name":"Kezd\u0151lap","item":"https:\/\/ronkhaz-epites.hu\/fr\/"},{"@type":"ListItem","position":2,"name":"Maisons en rondins"}]},{"@type":"WebSite","@id":"https:\/\/ronkhaz-epites.hu\/#website","url":"https:\/\/ronkhaz-epites.hu\/","name":"ronkhaz-epites.hu","description":"","publisher":{"@id":"https:\/\/ronkhaz-epites.hu\/#organization"},"potentialAction":[{"@type":"SearchAction","target":{"@type":"EntryPoint","urlTemplate":"https:\/\/ronkhaz-epites.hu\/?s={search_term_string}"},"query-input":{"@type":"PropertyValueSpecification","valueRequired":true,"valueName":"search_term_string"}}],"inLanguage":"fr-FR"},{"@type":"Organization","@id":"https:\/\/ronkhaz-epites.hu\/#organization","name":"ronkhaz-epites.hu","url":"https:\/\/ronkhaz-epites.hu\/","logo":{"@type":"ImageObject","inLanguage":"fr-FR","@id":"https:\/\/ronkhaz-epites.hu\/#\/schema\/logo\/image\/","url":"https:\/\/ronkhaz-epites.hu\/wp-content\/uploads\/2025\/06\/logo.png","contentUrl":"https:\/\/ronkhaz-epites.hu\/wp-content\/uploads\/2025\/06\/logo.png","width":481,"height":100,"caption":"ronkhaz-epites.hu"},"image":{"@id":"https:\/\/ronkhaz-epites.hu\/#\/schema\/logo\/image\/"}}]}},"_links":{"self":[{"href":"https:\/\/ronkhaz-epites.hu\/fr\/wp-json\/wp\/v2\/pages\/601","targetHints":{"allow":["GET"]}}],"collection":[{"href":"https:\/\/ronkhaz-epites.hu\/fr\/wp-json\/wp\/v2\/pages"}],"about":[{"href":"https:\/\/ronkhaz-epites.hu\/fr\/wp-json\/wp\/v2\/types\/page"}],"author":[{"embeddable":true,"href":"https:\/\/ronkhaz-epites.hu\/fr\/wp-json\/wp\/v2\/users\/1"}],"replies":[{"embeddable":true,"href":"https:\/\/ronkhaz-epites.hu\/fr\/wp-json\/wp\/v2\/comments?post=601"}],"version-history":[{"count":2,"href":"https:\/\/ronkhaz-epites.hu\/fr\/wp-json\/wp\/v2\/pages\/601\/revisions"}],"predecessor-version":[{"id":605,"href":"https:\/\/ronkhaz-epites.hu\/fr\/wp-json\/wp\/v2\/pages\/601\/revisions\/605"}],"wp:attachment":[{"href":"https:\/\/ronkhaz-epites.hu\/fr\/wp-json\/wp\/v2\/media?parent=601"}],"curies":[{"name":"wp","href":"https:\/\/api.w.org\/{rel}","templated":true}]}}